{"id":17264,"date":"2021-12-10T08:54:26","date_gmt":"2021-12-10T07:54:26","guid":{"rendered":"https:\/\/www.genverde.it\/?page_id=17264"},"modified":"2024-05-16T10:11:35","modified_gmt":"2024-05-16T08:11:35","slug":"dona","status":"publish","type":"page","link":"https:\/\/www.genverde.it\/es\/dona\/","title":{"rendered":"Dona"},"content":{"rendered":"\n<h2 class=\"has-large-font-size\">\u00bfPor qu\u00e9 donar al Gen Verde?<\/h2>\n\n\n\n<hr class=\"wp-block-separator has-text-color has-palette-color-2-color has-css-opacity has-palette-color-2-background-color has-background\"\/>\n\n\n\n<p class=\"has-text-align-left\">El Gen Verde, con su m\u00fasica rica de matices y tonalidades multiculturales, quiere promover la fraternidad universal y fomentar el di\u00e1logo entre las distintas culturas y religiones. Creemos en el valor de cada persona y nuestra intenci\u00f3n es animar a todos a descubrir y desarrollar sus talentos y descubrir otros nuevos. La reciente situaci\u00f3n de pandemia no nos ha frenado, al contrario, para nosotras ha sido un periodo de gran producci\u00f3n art\u00edstica, de intercambio a trav\u00e9s de conexiones online y conciertos en streaming.<\/p>\n\n\n\n<p class=\"has-text-align-left\">Descubre m\u00e1s sobre el <a href=\"https:\/\/www.genverde.it\/es\/bio\/\" target=\"_blank\" rel=\"noreferrer noopener\">Gen Verde<\/a> y <a href=\"https:\/\/www.genverde.it\/es\/giras\/\" target=\"_blank\" rel=\"noreferrer noopener\">nuestros conciertos<\/a>.<\/p>\n\n\n\n<h2 class=\"has-large-font-size\">Tu ayuda es valiosa<\/h2>\n\n\n\n<p>Nos gustar\u00eda continuar y llegar a m\u00e1s y m\u00e1s lugares y personas. \u00bfQuieres ayudarnos? Puedes, donando. Esto nos permitir\u00e1 continuar con nuestros proyectos.<\/p>\n\n\n\n<h2 class=\"has-large-font-size\">Selecciona un importe para la donaci\u00f3n<\/h2>\n\n\n<p class=\"p1\"><style type=\"text\/css\">\r\n    .wpsd-master-wrapper {\r\n        background-color: #FFFFFF;\r\n        width: 100% !important;\r\n        border: 0px solid #DDDDDD;\r\n        border-radius: 8px;\r\n        padding: 0px 0px 0px 0px;\r\n    }\r\n    .wpsd-master-wrapper h3.wpsd-form-title,\r\n    .wpsd-form-description,\r\n    .wpsd-master-wrapper .wpsd-wrapper-content .wpsd-donation-form-label {\r\n        color: #383838;\r\n    }\r\n    .wpsd-master-wrapper .wpsd-wrapper-content {\r\n        padding: 30px 0 0 0 !important;\r\n    }\r\n    \/** amount label *\/\r\n    .wpsd-master-wrapper .wpsd-wrapper-content ul#wpsd_donate_amount li.amount,\r\n    .wpsd-master-wrapper .wpsd-wrapper-content ul#wpsd_donate_amount li.wpsd_donate_amount_other_li,\r\n    .wpsd-address-country .selectize-input {\r\n        border: 1px solid #DDDDDD;\r\n        background-color: #FFFFFF;\r\n        color: #999;\r\n    }\r\n    .wpsd-master-wrapper .wpsd-wrapper-content #wpsd-donation-form-id #wpsd_donate_other_amount {\r\n        background-color: #FFFFFF;\r\n    }\r\n    .wpsd-master-wrapper .wpsd-wrapper-content ul#wpsd_donate_amount li.amount:hover {\r\n        background-color: #999;\r\n    }\r\n    .wpsd-master-wrapper .wpsd-wrapper-content ul#wpsd_donate_amount li.amount label {\r\n        color: #999;\r\n    }\r\n    .wpsd-master-wrapper .wpsd-wrapper-content ul#wpsd_donate_amount li.amount label:hover {\r\n        color: #FFFFFF;\r\n    }\r\n    .wpsd-master-wrapper .wpsd-wrapper-content .wpsd-text-field,\r\n    #card-element {\r\n        background-color: #FFFFFF;\r\n        border: 1px solid #DDDDDD;\r\n        border-radius: 0px;\r\n        padding: 10px 0px 10px 10px;\r\n        color: #999;\r\n        font-size: 13px;\r\n    }\r\n    .ElementsApp input {\r\n        font-size: 13px!important;\r\n    }\r\n    .wpsd-master-wrapper .wpsd-wrapper-content .wpsd-text-field::placeholder,\r\n    .wpsd-master-wrapper .wpsd-wrapper-content .wpsd_donate_other_amount::placeholder,\r\n    .selectize-dropdown [data-selectable].option,\r\n    .selectize-input > input { \/* Chrome, Firefox, Opera, Safari 10.1+ *\/\r\n        color: #999!important;\r\n        opacity: 1; \/* Firefox *\/\r\n    }\r\n    .wpsd-master-wrapper .wpsd-wrapper-content .wpsd-donate-button {\r\n        width: 100% !important;\r\n        background-color: #009900 !important;\r\n        color: #FFFFFF!important;\r\n        font-size: 16px;\r\n        line-height: 26px;\r\n    }\r\n    .wpsd-master-wrapper .wpsd-wrapper-content .wpsd-donate-button:hover {\r\n        background: #FFFFFF!important;\r\n        color: #111111!important;\r\n    }\r\n    .wpsd-form-item-half-left,\r\n    .wpsd-form-item-half-right {\r\n        width: 50%;\r\n        float: left;\r\n    }\r\n    .wpsd-form-item-half-left {\r\n        padding-right: 5px;\r\n    }\r\n    .wpsd-form-item-half-right {\r\n        padding-left: 5px;\r\n    }\r\n<\/style><div class=\"wpsd-master-wrapper wpsd-template-0\" id=\"wpsd-wrap-all\">\r\n\r\n    <div id=\"wpsd-pageloader\">\r\n        <img src=\"https:\/\/www.genverde.it\/wp-content\/plugins\/wp-stripe-donation-premium\/assets\/img\/loader.gif\" alt=\"Processing\" \/>\r\n    <\/div>\r\n    \r\n    \r\n    <!-- Main Form -->\r\n    <div class=\"wpsd-wrapper-content\">\r\n\r\n        <form action=\"\" method=\"POST\" id=\"wpsd-donation-form-id\" autocomplete=\"off\">\r\n            \r\n            <ul id=\"wpsd_donate_amount\">\r\n                                            <li class=\"amount\" data-amount=\"5\">\r\n                                <div class=\"form-group\">\r\n                                    <label for=\"amount_5\">5<\/label>\r\n                                <\/div>\r\n                            <\/li>\r\n                                                        <li class=\"amount\" data-amount=\"10\">\r\n                                <div class=\"form-group\">\r\n                                    <label for=\"amount_10\">10<\/label>\r\n                                <\/div>\r\n                            <\/li>\r\n                                                        <li class=\"amount\" data-amount=\"25\">\r\n                                <div class=\"form-group\">\r\n                                    <label for=\"amount_25\">25<\/label>\r\n                                <\/div>\r\n                            <\/li>\r\n                                                        <li class=\"amount\" data-amount=\"50\">\r\n                                <div class=\"form-group\">\r\n                                    <label for=\"amount_50\">50<\/label>\r\n                                <\/div>\r\n                            <\/li>\r\n                                                        <li class=\"amount\" data-amount=\"100\">\r\n                                <div class=\"form-group\">\r\n                                    <label for=\"amount_100\">100<\/label>\r\n                                <\/div>\r\n                            <\/li>\r\n                                                <li>\r\n                        <div class=\"form-group\">Other amount:<\/div>\r\n                    <\/li>\r\n                                    <li class=\"wpsd_donate_amount_other_li\">\r\n                    <div class=\"form-group\">\r\n                        <input id=\"wpsd_donate_other_amount\" type=\"text\" class=\"wpsd_donate_other_amount\"\r\n                            name=\"wpsd_donate_other_amount\" placeholder=\"Amount (\u20ac)\"> EUR&nbsp;<span class=\"required-sign\">*<\/span>\r\n                    <\/div>\r\n                <\/li>\r\n            <\/ul>\r\n\r\n                            <input type=\"hidden\" name=\"wpsd_donation_for\" id=\"wpsd_donation_for\" value=\"Support Gen Verde\" >\r\n                                <label for=\"wpsd_donator_name\" class=\"wpsd-donation-form-label\">Name and Last Name&nbsp;<span class=\"required-sign\">*<\/span><\/label>\r\n                            <input type=\"text\" name=\"wpsd_donator_name\" id=\"wpsd_donator_name\" class=\"wpsd-text-field\" placeholder=\"Name and Last Name\">\r\n            \r\n            <!-- Email -->\r\n                            <label for=\"wpsd_donator_email\" class=\"wpsd-donation-form-label\">E-mail&nbsp;<span class=\"required-sign\">*<\/span><\/label>\r\n                            <input type=\"email\" name=\"wpsd_donator_email\" id=\"wpsd_donator_email\" class=\"wpsd-text-field\" placeholder=\"E-mail\">\r\n            \r\n                        \r\n            \r\n            <!-- Card --->\r\n                            <label class=\"wpsd-donation-form-label\">Card Number&nbsp;<span class=\"required-sign\">*<\/span><\/label>\r\n                            <div id=\"card-element\"><\/div>\r\n            <!---card end-->\r\n\r\n                                    <label class=\"wpsd-donation-form-label wpsd-captcha-label\">Captcha&nbsp;<span class=\"required-sign\">*<\/span><\/label>\r\n                                            <label class=\"wpsd-donation-form-label\">What is&nbsp;5&nbsp;+&nbsp;5&nbsp;?<\/label>\r\n                    <input type=\"hidden\" value=\"10\" name=\"wpsd_captcha_content_check\" id=\"wpsd_captcha_content_check\">\r\n                    <input type=\"number\" min=\"2\" max=\"40\" name=\"wpsd_captcha_content\" id=\"wpsd_captcha_content\" class=\"wpsd-text-field\">\r\n                                <div id=\"card-errors\" class=\"wpsd-alert\" role=\"alert\"><\/div>\r\n            <input type=\"submit\" name=\"wpsd-donate-button\" class=\"wpsd-donate-button\" value=\"Donate\">\r\n        <\/form>\r\n        \r\n            <\/div>\r\n<\/div><\/p>\n<div align=\"center\">\n<input id=\"DonateDisable\" name=\"DonateDisable\" type=\"submit\" value=\"Donate\" onclick=\"DonateDisable();\">\n<\/div>\n<p style=\"text-indent: 25px;\"><input class=\"required\" name=\"check\" required=\"required\" type=\"checkbox\" onclick=\"Consenso();\"> Usted da su consentimiento para el tratamiento de los datos facilitados (nombre, apellidos y direcci\u00f3n de correo electr\u00f3nico) con el \u00fanico fin de permitir la realizaci\u00f3n de la donaci\u00f3n.<\/p>\n<p style=\"text-indent: 25px;\"><a href=\"https:\/\/www.genverde.it\/es\/privacy-policy-donaciones\/\" target=\"_blank\" rel=\"noopener\">Para obtener m\u00e1s informaci\u00f3n, consulte la pol\u00edtica de privacidad de conformidad con el art. 13 del Reglamento de la UE 2016\/679<\/a><\/p>\n\n\n<p>o donar por <br><strong>TRANSFERENCIA BANCARIA<\/strong><br>A nombre de: <strong>Gen Verde della P.A.F.O.M.<\/strong><br>IBAN: <strong>IT75 R030 6909 6061 0000 0102647<\/strong><br>C\u00d3DIGO BIC: <strong>BCITITMM<\/strong><br>Concepto: <strong>Donaci\u00f3n<\/strong><\/p>\n\n\n\n<p><\/p>\n\n\n\n<p><\/p>\n\n\n\n<p><\/p>\n","protected":false},"excerpt":{"rendered":"<p>\u00bfPor qu\u00e9 donar al Gen Verde? El Gen Verde, con su m\u00fasica rica de matices\u2026<\/p>\n","protected":false},"author":1,"featured_media":16605,"parent":0,"menu_order":0,"comment_status":"closed","ping_status":"closed","template":"","meta":[],"blocksy_meta":{"styles_descriptor":{"styles":{"desktop":"","tablet":"","mobile":""},"google_fonts":[]}},"featured_image_urls":{"full":["https:\/\/www.genverde.it\/wp-content\/uploads\/2021\/12\/sostieni-gruppo-genverde-donazione.jpg",1920,1024,false],"thumbnail":["https:\/\/www.genverde.it\/wp-content\/uploads\/2021\/12\/sostieni-gruppo-genverde-donazione-150x150.jpg",150,150,true],"medium":["https:\/\/www.genverde.it\/wp-content\/uploads\/2021\/12\/sostieni-gruppo-genverde-donazione-300x160.jpg",300,160,true],"medium_large":["https:\/\/www.genverde.it\/wp-content\/uploads\/2021\/12\/sostieni-gruppo-genverde-donazione-768x410.jpg",768,410,true],"large":["https:\/\/www.genverde.it\/wp-content\/uploads\/2021\/12\/sostieni-gruppo-genverde-donazione-1024x546.jpg",1024,546,true],"1536x1536":["https:\/\/www.genverde.it\/wp-content\/uploads\/2021\/12\/sostieni-gruppo-genverde-donazione-1536x819.jpg",1536,819,true],"2048x2048":["https:\/\/www.genverde.it\/wp-content\/uploads\/2021\/12\/sostieni-gruppo-genverde-donazione.jpg",1920,1024,false]},"post_excerpt_stackable":"<p>\u00bfPor qu\u00e9 donar al Gen Verde? El Gen Verde, con su m\u00fasica rica de matices y tonalidades multiculturales, quiere promover la fraternidad universal y fomentar el di\u00e1logo entre las distintas culturas y religiones. Creemos en el valor de cada persona y nuestra intenci\u00f3n es animar a todos a descubrir y desarrollar sus talentos y descubrir otros nuevos. La reciente situaci\u00f3n de pandemia no nos ha frenado, al contrario, para nosotras ha sido un periodo de gran producci\u00f3n art\u00edstica, de intercambio a trav\u00e9s de conexiones online y conciertos en streaming. Descubre m\u00e1s sobre el Gen Verde y nuestros conciertos. Tu ayuda&hellip;<\/p>\n","category_list":"","author_info":{"name":"domains@trizero.it","url":"https:\/\/www.genverde.it\/es\/author\/domainstrizero-it\/"},"comments_num":"0 comentarios","yoast_head":"<!-- This site is optimized with the Yoast SEO plugin v20.10 - https:\/\/yoast.com\/wordpress\/plugins\/seo\/ -->\n<title>Realiza una donaci\u00f3n al Gen Verde | Gen Verde<\/title>\n<meta name=\"description\" content=\"Realiza una donaci\u00f3n a Gen Verde: apoya los valores de la fraternidad universal y ay\u00fadanos a difundirlos a trav\u00e9s del poder de la m\u00fasica.\" \/>\n<meta name=\"robots\" content=\"index, follow, max-snippet:-1, max-image-preview:large, max-video-preview:-1\" \/>\n<link rel=\"canonical\" href=\"https:\/\/www.genverde.it\/es\/dona\/\" \/>\n<meta property=\"og:locale\" content=\"es_ES\" \/>\n<meta property=\"og:type\" content=\"article\" \/>\n<meta property=\"og:title\" content=\"Realiza una donaci\u00f3n al Gen Verde | Gen Verde\" \/>\n<meta property=\"og:description\" content=\"Realiza una donaci\u00f3n a Gen Verde: apoya los valores de la fraternidad universal y ay\u00fadanos a difundirlos a trav\u00e9s del poder de la m\u00fasica.\" \/>\n<meta property=\"og:url\" content=\"https:\/\/www.genverde.it\/es\/dona\/\" \/>\n<meta property=\"og:site_name\" content=\"Gen Verde\" \/>\n<meta property=\"article:modified_time\" content=\"2024-05-16T08:11:35+00:00\" \/>\n<meta property=\"og:image\" content=\"https:\/\/www.genverde.it\/wp-content\/uploads\/2021\/12\/sostieni-gruppo-genverde-donazione.jpg\" \/>\n\t<meta property=\"og:image:width\" content=\"1920\" \/>\n\t<meta property=\"og:image:height\" content=\"1024\" \/>\n\t<meta property=\"og:image:type\" content=\"image\/jpeg\" \/>\n<meta name=\"twitter:card\" content=\"summary_large_image\" \/>\n<meta name=\"twitter:label1\" content=\"Tiempo de lectura\" \/>\n\t<meta name=\"twitter:data1\" content=\"2 minutos\" \/>\n<script type=\"application\/ld+json\" class=\"yoast-schema-graph\">{\"@context\":\"https:\/\/schema.org\",\"@graph\":[{\"@type\":\"WebPage\",\"@id\":\"https:\/\/www.genverde.it\/es\/dona\/\",\"url\":\"https:\/\/www.genverde.it\/es\/dona\/\",\"name\":\"Realiza una donaci\u00f3n al Gen Verde | Gen Verde\",\"isPartOf\":{\"@id\":\"https:\/\/www.genverde.it\/es\/#website\"},\"datePublished\":\"2021-12-10T07:54:26+00:00\",\"dateModified\":\"2024-05-16T08:11:35+00:00\",\"description\":\"Realiza una donaci\u00f3n a Gen Verde: apoya los valores de la fraternidad universal y ay\u00fadanos a difundirlos a trav\u00e9s del poder de la m\u00fasica.\",\"breadcrumb\":{\"@id\":\"https:\/\/www.genverde.it\/es\/dona\/#breadcrumb\"},\"inLanguage\":\"es\",\"potentialAction\":[{\"@type\":\"ReadAction\",\"target\":[\"https:\/\/www.genverde.it\/es\/dona\/\"]}]},{\"@type\":\"BreadcrumbList\",\"@id\":\"https:\/\/www.genverde.it\/es\/dona\/#breadcrumb\",\"itemListElement\":[{\"@type\":\"ListItem\",\"position\":1,\"name\":\"Home\",\"item\":\"https:\/\/www.genverde.it\/es\/\"},{\"@type\":\"ListItem\",\"position\":2,\"name\":\"Dona\"}]},{\"@type\":\"WebSite\",\"@id\":\"https:\/\/www.genverde.it\/es\/#website\",\"url\":\"https:\/\/www.genverde.it\/es\/\",\"name\":\"Gen Verde\",\"description\":\"\",\"publisher\":{\"@id\":\"https:\/\/www.genverde.it\/es\/#organization\"},\"potentialAction\":[{\"@type\":\"SearchAction\",\"target\":{\"@type\":\"EntryPoint\",\"urlTemplate\":\"https:\/\/www.genverde.it\/es\/?s={search_term_string}\"},\"query-input\":\"required name=search_term_string\"}],\"inLanguage\":\"es\"},{\"@type\":\"Organization\",\"@id\":\"https:\/\/www.genverde.it\/es\/#organization\",\"name\":\"Gen Verde\",\"url\":\"https:\/\/www.genverde.it\/es\/\",\"logo\":{\"@type\":\"ImageObject\",\"inLanguage\":\"es\",\"@id\":\"https:\/\/www.genverde.it\/es\/#\/schema\/logo\/image\/\",\"url\":\"https:\/\/www.genverde.it\/wp-content\/uploads\/2021\/05\/logo-gen-verde-black.png\",\"contentUrl\":\"https:\/\/www.genverde.it\/wp-content\/uploads\/2021\/05\/logo-gen-verde-black.png\",\"width\":646,\"height\":392,\"caption\":\"Gen Verde\"},\"image\":{\"@id\":\"https:\/\/www.genverde.it\/es\/#\/schema\/logo\/image\/\"}}]}<\/script>\n<!-- \/ Yoast SEO plugin. -->","yoast_head_json":{"title":"Realiza una donaci\u00f3n al Gen Verde | Gen Verde","description":"Realiza una donaci\u00f3n a Gen Verde: apoya los valores de la fraternidad universal y ay\u00fadanos a difundirlos a trav\u00e9s del poder de la m\u00fasica.","robots":{"index":"index","follow":"follow","max-snippet":"max-snippet:-1","max-image-preview":"max-image-preview:large","max-video-preview":"max-video-preview:-1"},"canonical":"https:\/\/www.genverde.it\/es\/dona\/","og_locale":"es_ES","og_type":"article","og_title":"Realiza una donaci\u00f3n al Gen Verde | Gen Verde","og_description":"Realiza una donaci\u00f3n a Gen Verde: apoya los valores de la fraternidad universal y ay\u00fadanos a difundirlos a trav\u00e9s del poder de la m\u00fasica.","og_url":"https:\/\/www.genverde.it\/es\/dona\/","og_site_name":"Gen Verde","article_modified_time":"2024-05-16T08:11:35+00:00","og_image":[{"width":1920,"height":1024,"url":"https:\/\/www.genverde.it\/wp-content\/uploads\/2021\/12\/sostieni-gruppo-genverde-donazione.jpg","type":"image\/jpeg"}],"twitter_card":"summary_large_image","twitter_misc":{"Tiempo de lectura":"2 minutos"},"schema":{"@context":"https:\/\/schema.org","@graph":[{"@type":"WebPage","@id":"https:\/\/www.genverde.it\/es\/dona\/","url":"https:\/\/www.genverde.it\/es\/dona\/","name":"Realiza una donaci\u00f3n al Gen Verde | Gen Verde","isPartOf":{"@id":"https:\/\/www.genverde.it\/es\/#website"},"datePublished":"2021-12-10T07:54:26+00:00","dateModified":"2024-05-16T08:11:35+00:00","description":"Realiza una donaci\u00f3n a Gen Verde: apoya los valores de la fraternidad universal y ay\u00fadanos a difundirlos a trav\u00e9s del poder de la m\u00fasica.","breadcrumb":{"@id":"https:\/\/www.genverde.it\/es\/dona\/#breadcrumb"},"inLanguage":"es","potentialAction":[{"@type":"ReadAction","target":["https:\/\/www.genverde.it\/es\/dona\/"]}]},{"@type":"BreadcrumbList","@id":"https:\/\/www.genverde.it\/es\/dona\/#breadcrumb","itemListElement":[{"@type":"ListItem","position":1,"name":"Home","item":"https:\/\/www.genverde.it\/es\/"},{"@type":"ListItem","position":2,"name":"Dona"}]},{"@type":"WebSite","@id":"https:\/\/www.genverde.it\/es\/#website","url":"https:\/\/www.genverde.it\/es\/","name":"Gen Verde","description":"","publisher":{"@id":"https:\/\/www.genverde.it\/es\/#organization"},"potentialAction":[{"@type":"SearchAction","target":{"@type":"EntryPoint","urlTemplate":"https:\/\/www.genverde.it\/es\/?s={search_term_string}"},"query-input":"required name=search_term_string"}],"inLanguage":"es"},{"@type":"Organization","@id":"https:\/\/www.genverde.it\/es\/#organization","name":"Gen Verde","url":"https:\/\/www.genverde.it\/es\/","logo":{"@type":"ImageObject","inLanguage":"es","@id":"https:\/\/www.genverde.it\/es\/#\/schema\/logo\/image\/","url":"https:\/\/www.genverde.it\/wp-content\/uploads\/2021\/05\/logo-gen-verde-black.png","contentUrl":"https:\/\/www.genverde.it\/wp-content\/uploads\/2021\/05\/logo-gen-verde-black.png","width":646,"height":392,"caption":"Gen Verde"},"image":{"@id":"https:\/\/www.genverde.it\/es\/#\/schema\/logo\/image\/"}}]}},"_links":{"self":[{"href":"https:\/\/www.genverde.it\/es\/wp-json\/wp\/v2\/pages\/17264"}],"collection":[{"href":"https:\/\/www.genverde.it\/es\/wp-json\/wp\/v2\/pages"}],"about":[{"href":"https:\/\/www.genverde.it\/es\/wp-json\/wp\/v2\/types\/page"}],"author":[{"embeddable":true,"href":"https:\/\/www.genverde.it\/es\/wp-json\/wp\/v2\/users\/1"}],"replies":[{"embeddable":true,"href":"https:\/\/www.genverde.it\/es\/wp-json\/wp\/v2\/comments?post=17264"}],"version-history":[{"count":31,"href":"https:\/\/www.genverde.it\/es\/wp-json\/wp\/v2\/pages\/17264\/revisions"}],"predecessor-version":[{"id":31064,"href":"https:\/\/www.genverde.it\/es\/wp-json\/wp\/v2\/pages\/17264\/revisions\/31064"}],"wp:featuredmedia":[{"embeddable":true,"href":"https:\/\/www.genverde.it\/es\/wp-json\/wp\/v2\/media\/16605"}],"wp:attachment":[{"href":"https:\/\/www.genverde.it\/es\/wp-json\/wp\/v2\/media?parent=17264"}],"curies":[{"name":"wp","href":"https:\/\/api.w.org\/{rel}","templated":true}]}}