{"id":27292,"date":"2023-01-09T11:45:28","date_gmt":"2023-01-09T10:45:28","guid":{"rendered":"https:\/\/www.genverde.it\/?page_id=27292"},"modified":"2023-01-17T08:49:11","modified_gmt":"2023-01-17T07:49:11","slug":"informacion-sobre-el-tratamiento-de-datos-personales-2","status":"publish","type":"page","link":"https:\/\/www.genverde.it\/es\/informacion-sobre-el-tratamiento-de-datos-personales-2\/","title":{"rendered":"INFORMACI\u00d3N SOBRE EL TRATAMIENTO DE DATOS PERSONALES"},"content":{"rendered":"\n<p><strong>de los usuarios que acceden y consultan el sitio web de Gen Verde para la protecci\u00f3n de datos personales de conformidad con el Reglamento (UE) 2016\/679<\/strong> <a href=\"https:\/\/www.genverde.it\/es\/\"><strong>https:\/\/www.genverde.it\/<\/strong><\/a><\/p>\n\n<p><em>Pr\u00f3logo<\/em><br\/>Esta p\u00e1gina describe c\u00f3mo se gestiona el sitio web en lo que respecta al tratamiento de los datos personales de los usuarios que acceden a \u00e9l y lo consultan. De acuerdo con la legislaci\u00f3n indicada, todo tratamiento se basar\u00e1 en los principios de correcci\u00f3n, legalidad, transparencia y protecci\u00f3n de la confidencialidad y los derechos de los Usuarios. Esta informaci\u00f3n se proporciona en materia de privacidad de conformidad con el Reglamento (UE) 2016\/679 (en lo sucesivo, \u00abReglamento\u00bb o \u00abGDPR\u00bb).<\/p>\n\n<p><strong>EL \u00abTITULAR\u00bb DEL TRATAMIENTO<\/strong><\/p>\n\n<p>El \u00abresponsable del tratamiento\u00bb, es decir, la persona jur\u00eddica que determina los fines y los medios del tratamiento de los datos personales, es Gen Verde de P.A.F.O.M. con sede en via Frascati n. 306, Rocca di Papa (Roma-Italia). Direcci\u00f3n de correo electr\u00f3nico del titular: <a>news@genverde.it<\/a><\/p>\n\n<p>Tras la consulta de esta plataforma, podr\u00e1n tratarse datos relativos a personas identificadas o identificables.<\/p>\n\n<p><strong>EL RESPONSABLE DELA PROTECCI\u00d3N DE DATOS<\/strong><strong><\/strong><\/p>\n\n<p>El Gerente de Protecci\u00f3n de Datos (GPD) es el abogado Sergio Barbaro accesible en la siguiente direcci\u00f3n: Persona a cargo de la protecci\u00f3n de datos personales Via Frascati n. 306, Rocca di Papa (Roma-Italia), correo electr\u00f3nico: privacy@focolare.org.<\/p>\n\n<p><strong>TIPOS DE DATOS RECOGIDOS<\/strong><\/p>\n\n<p>Todos los datos personales facilitados se tratar\u00e1n de forma l\u00edcita, correcta y transparente con el fin de prestar los servicios solicitados.<br\/>Los Datos Personales pueden ser proporcionados libremente por el Usuario o, en el caso de los Datos de Usuario, recogidos autom\u00e1ticamente durante el uso de esta Aplicaci\u00f3n.<br\/>Salvo que se especifique lo contrario, todos los Datos solicitados por esta Solicitud son obligatorios. Si el Usuario se niega a comunicarlos, puede resultar imposible para esta Aplicaci\u00f3n prestar el Servicio. En los casos en que esta Aplicaci\u00f3n indique determinados Datos como opcionales, los Usuarios son libres de abstenerse de comunicar dichos Datos, sin que ello tenga consecuencias sobre la disponibilidad del Servicio o su funcionamiento. Se recomienda a los usuarios que tengan dudas sobre qu\u00e9 datos son obligatorios que se pongan en contacto con el responsable del tratamiento.<br\/>El posible uso de Cookies -o de otras herramientas de seguimiento- por parte de esta Aplicaci\u00f3n o de los titulares de servicios de terceros utilizados por esta Aplicaci\u00f3n, salvo que se especifique lo contrario, tiene como finalidad la prestaci\u00f3n del Servicio solicitado por el Usuario, adem\u00e1s de las finalidades adicionales descritas en este documento y en la Pol\u00edtica de Cookies, si est\u00e1 disponible.<br\/><\/p>\n\n<p>El Usuario asume la responsabilidad de los Datos Personales de terceros obtenidos, publicados o compartidos a trav\u00e9s de esta Aplicaci\u00f3n y garantiza que tiene derecho a comunicarlos o difundirlos, liberando al Titular de cualquier responsabilidad frente a terceros.<\/p>\n\n<p><strong>NEWSLETTER<\/strong><\/p>\n\n<p>Para el servicio de newsletter, el Gen Verde de P.A.F.O.M. utiliza la plataforma Mailchimp (<a href=\"https:\/\/mailchimp.com\/legal\/terms\">https:\/\/mailchimp.com\/legal\/terms<\/a>) para gestionar el flujo y seguimiento de los correos electr\u00f3nicos y el tratamiento de los datos. La falta de consentimiento en la secci\u00f3n correspondiente impedir\u00e1 al usuario beneficiarse del servicio.<\/p>\n\n<p><strong>MODALIDADES DE TRATAMIENTO DE DATOS<\/strong><\/p>\n\n<p>El Responsable del Tratamiento adopta medidas de seguridad adecuadas para impedir el acceso, la divulgaci\u00f3n, la modificaci\u00f3n o la destrucci\u00f3n no autorizados de los Datos Personales. El tratamiento se efect\u00faa mediante instrumentos inform\u00e1ticos y\/o telem\u00e1ticos, con modalidades organizativas y l\u00f3gicas estrictamente relacionadas con las finalidades indicadas. Adem\u00e1s del Responsable del Tratamiento, en algunos casos, otros sujetos implicados en la organizaci\u00f3n de esta Aplicaci\u00f3n (administrativos, comerciales, de marketing, jur\u00eddicos, administradores de sistemas) o sujetos externos (como terceros proveedores de servicios t\u00e9cnicos, mensajeros postales, proveedores de hosting, empresas inform\u00e1ticas, agencias de comunicaci\u00f3n) pueden tener acceso a los Datos.<\/p>\n\n<p>A efectos de funcionamiento y mantenimiento, esta Aplicaci\u00f3n y cualquier servicio de terceros utilizado por ella pueden recopilar registros del sistema, es decir, archivos que registran interacciones y que tambi\u00e9n pueden contener Datos Personales, como la direcci\u00f3n IP del Usuario.<\/p>\n\n<p><strong>POL\u00cdTICA DE COOKIES<\/strong><\/p>\n\n<p>Esta aplicaci\u00f3n utiliza herramientas de seguimiento. Para saber m\u00e1s, el Usuario puede consultar la Pol\u00edtica de Cookies en el Sitio.<\/p>\n\n<p><strong>BASE JUR\u00cdDICA DEL TRATAMIENTO<\/strong><\/p>\n\n<p>El Responsable del Tratamiento trata los Datos Personales relativos al Usuario si se da una de las siguientes condiciones:<\/p>\n\n<p>\u2022 el Usuario ha dado su consentimiento para uno o m\u00e1s fines espec\u00edficos; Nota: en algunas jurisdicciones, el Responsable del Tratamiento puede estar autorizado a tratar Datos Personales sin el consentimiento del Usuario o sin otra de las bases jur\u00eddicas especificadas a continuaci\u00f3n, hasta que el Usuario se oponga (\u00abopte por no hacerlo\u00bb) a dicho tratamiento. Sin embargo, esto no se aplica cuando el tratamiento de Datos Personales se rige por la legislaci\u00f3n europea sobre protecci\u00f3n de Datos Personales;<\/p>\n\n<p>\u2022 el tratamiento es necesario para la ejecuci\u00f3n de un contrato con el Usuario y\/o la ejecuci\u00f3n de medidas precontractuales;<\/p>\n\n<p>\u2022 el tratamiento es necesario para el cumplimiento de una obligaci\u00f3n legal a la que est\u00e1 sujeto el Responsable del Tratamiento;<\/p>\n\n<p>\u2022 el tratamiento es necesario para el cumplimiento de una misi\u00f3n de inter\u00e9s p\u00fablico o inherente al ejercicio de poderes p\u00fablicos conferidos al responsable del tratamiento;<\/p>\n\n<p>\u2022 el tratamiento es necesario para la consecuci\u00f3n del inter\u00e9s leg\u00edtimo del Responsable del Tratamiento o de terceros.<\/p>\n\n<p>No obstante, siempre es posible pedir al responsable del tratamiento que aclare la base jur\u00eddica concreta de cada tratamiento y, en particular, que especifique si el tratamiento se basa en la ley, lo exige un contrato o es necesario para celebrar un contrato.<\/p>\n\n<p><strong>LUGAR DE TRANSFORMACI\u00d3N<\/strong><br\/>Las operaciones de tratamiento relacionadas con los servicios web de este sitio tienen lugar en los locales mencionados y son realizadas \u00fanicamente por personal t\u00e9cnico designado por el Responsable del tratamiento, o por personas que puedan ser designadas para operaciones ocasionales de mantenimiento, bajo la autoridad directa del Responsable del tratamiento. No se comunica ni difunde ning\u00fan dato derivado del servicio web.<\/p>\n\n<p>Los datos personales facilitados por los usuarios que solicitan que se les env\u00ede material informativo (respuestas a consultas, boletines informativos, etc.) se utilizan con el \u00fanico fin de responder a la solicitud y s\u00f3lo se comunican a terceros si as\u00ed lo exige la ley.<\/p>\n\n<p><strong>PER\u00cdODO DE CONSERVACI\u00d3N<\/strong><\/p>\n\n<p>Los datos se procesan y conservan durante el tiempo requerido por los fines para los que se recogieron.<\/p>\n\n<p>Por lo tanto:<\/p>\n\n<ul>\n<li>&#8211; Los Datos Personales recogidos con fines relacionados con la ejecuci\u00f3n de un contrato entre el Responsable del Tratamiento y el Usuario se conservar\u00e1n hasta que finalice la ejecuci\u00f3n de dicho contrato.<\/li>\n\n\n\n<li>&#8211; Los Datos Personales recogidos con fines relacionados con el inter\u00e9s leg\u00edtimo del Responsable del Tratamiento se conservar\u00e1n hasta que se satisfaga dicho inter\u00e9s. El Usuario puede obtener m\u00e1s informaci\u00f3n sobre el inter\u00e9s leg\u00edtimo perseguido por el Responsable del tratamiento en las secciones pertinentes de este documento o poni\u00e9ndose en contacto con el Responsable del tratamiento.\n<ul>\n<li><\/li>\n<\/ul>\n<\/li>\n<\/ul>\n\n<p>Cuando el tratamiento se base en el consentimiento del Usuario, el Responsable del Tratamiento podr\u00e1 conservar los Datos Personales durante m\u00e1s tiempo hasta que dicho consentimiento sea revocado. Adem\u00e1s, el Responsable del Tratamiento puede verse obligado a conservar los Datos Personales durante un periodo m\u00e1s largo en cumplimiento de una obligaci\u00f3n legal o por orden de una autoridad.<\/p>\n\n<p>Al final del periodo de conservaci\u00f3n, los Datos Personales se eliminar\u00e1n. Por lo tanto, una vez transcurrido este plazo, ya no se podr\u00e1n ejercer los derechos de acceso, supresi\u00f3n, rectificaci\u00f3n y portabilidad de datos.<\/p>\n\n<p><strong>DERECHOS DE LOS INTERESADOS<\/strong><\/p>\n\n<p>Los usuarios pueden ejercer determinados derechos en relaci\u00f3n con los Datos tratados por el Responsable del Tratamiento.<\/p>\n\n<p>En particular, el Usuario tiene derecho a:<\/p>\n\n<ul>\n<li><strong>&#8211; revocar el consentimiento en cualquier momento.<\/strong> El Usuario podr\u00e1 revocar el consentimiento al tratamiento de sus Datos Personales previamente expresado.<\/li>\n\n\n\n<li><strong>&#8211; oponerse al tratamiento de sus Datos.<\/strong> El Usuario podr\u00e1 oponerse al tratamiento de sus Datos cuando \u00e9ste se realice sobre una base jur\u00eddica distinta del consentimiento. Para m\u00e1s informaci\u00f3n sobre el derecho de oposici\u00f3n, consulte la secci\u00f3n siguiente.<\/li>\n\n\n\n<li><strong>&#8211; acceso a sus Datos.<\/strong> El Usuario tiene derecho a obtener informaci\u00f3n sobre los Datos tratados por el Responsable del tratamiento, sobre determinados aspectos del tratamiento y a recibir una copia de los Datos tratados.<\/li>\n\n\n\n<li><strong>&#8211; verificar y solicitar la rectificaci\u00f3n.<\/strong> El Usuario podr\u00e1 verificar la exactitud de sus Datos y solicitar su actualizaci\u00f3n o rectificaci\u00f3n.<\/li>\n\n\n\n<li><strong>&#8211; obtener la restricci\u00f3n del tratamiento.<\/strong> Cuando se cumplan determinadas condiciones, el Usuario podr\u00e1 solicitar la limitaci\u00f3n del tratamiento de sus Datos. En este caso, el responsable del tratamiento no tratar\u00e1 los datos para fines distintos de su conservaci\u00f3n.<\/li>\n\n\n\n<li><strong>&#8211; obtener la supresi\u00f3n o eliminaci\u00f3n de sus Datos Personales.<\/strong> Cuando se cumplan determinadas condiciones, el Usuario podr\u00e1 solicitar al Responsable del Tratamiento la supresi\u00f3n de sus Datos.<\/li>\n\n\n\n<li><strong>&#8211; recibir sus Datos o hacer que se transfieran a otro Responsable del Tratamiento.<\/strong> El usuario tiene derecho a recibir sus datos en un formato estructurado, de uso com\u00fan y lectura mec\u00e1nica y, cuando sea t\u00e9cnicamente viable, a que se transfieran sin obst\u00e1culos a otro responsable del tratamiento. Esta disposici\u00f3n es aplicable cuando los Datos se tratan por medios automatizados y el tratamiento se basa en el consentimiento del Usuario, en un contrato en el que el Usuario es parte o en medidas contractuales relacionadas con el mismo.<\/li>\n\n\n\n<li><strong>&#8211; Proponer una denuncia.<\/strong> El Usuario podr\u00e1 presentar una reclamaci\u00f3n ante la autoridad de control competente en materia de protecci\u00f3n de datos o emprender acciones legales.<\/li>\n<\/ul>\n\n<p>Cuando los Datos Personales sean tratados en inter\u00e9s p\u00fablico, en el ejercicio de poderes p\u00fablicos conferidos al Responsable del Tratamiento o para la satisfacci\u00f3n de un inter\u00e9s leg\u00edtimo del Responsable del Tratamiento, los Usuarios tendr\u00e1n derecho a oponerse al tratamiento por motivos relacionados con su situaci\u00f3n particular.<\/p>\n\n<p><a>Gen Verde de P.A.F.O.M. recuerda que, en caso de que la respuesta a las solicitudes no se considere satisfactoria, el usuario podr\u00e1 dirigirse y presentar una reclamaci\u00f3n ante la Autoridad Italiana de Protecci\u00f3n de Datos (www.garanteprivacy.it) en la forma prevista por la Normativa Aplicable.<\/a><\/p>\n\n<p><strong>CAMBIOS EN ESTA POL\u00cdTICA DE PRIVACIDAD<\/strong><\/p>\n\n<p>El Responsable del Tratamiento se reserva el derecho a realizar cambios en esta pol\u00edtica de privacidad en cualquier momento, notific\u00e1ndolo a los Usuarios en esta p\u00e1gina y, si es posible, en esta Aplicaci\u00f3n, as\u00ed como, si es t\u00e9cnica y legalmente factible, enviando una notificaci\u00f3n a los Usuarios a trav\u00e9s de uno de los datos de contacto de los que dispone. Por lo tanto, consulte esta p\u00e1gina con frecuencia, haciendo referencia a la fecha de la \u00faltima modificaci\u00f3n indicada en la parte inferior.<\/p>\n\n<p>Si los cambios afectan al tratamiento cuya base jur\u00eddica es el consentimiento, el Responsable del Tratamiento recabar\u00e1 de nuevo el consentimiento del Usuario, si fuera necesario.<\/p>\n\n<p><strong>INFORMACI\u00d3N SOBRE LAS SOLICITUDES DE LOS INTERESADOS Y DATOS DE CONTACTO <\/strong><\/p>\n\n<p>Gen Verde de P.A.F.O.M. podr\u00e1 ser contactado para cualquier solicitud, aclaraci\u00f3n o comentario sobre la aplicaci\u00f3n de la normativa en materia de protecci\u00f3n de datos personales y para el ejercicio concreto de los derechos del interesado, como mejor se especifica en el p\u00e1rrafo anterior, tambi\u00e9n en el caso de que sea necesario actualizar, modificar, completar, corregir y\/o eliminar datos, seg\u00fan lo previsto por la ley o en relaci\u00f3n con la evaluaci\u00f3n de requisitos espec\u00edficos previstos expl\u00edcitamente por el interesado.<\/p>\n\n<p>A tal fin, para facilitar al interesado el ejercicio de sus derechos y la interacci\u00f3n con Gen Verde de P.A.F.O.M., se facilitan los siguientes datos de contacto a los que podr\u00e1 dirigirse en caso de necesidad: tel. (+39) 055\/9051450, direcci\u00f3n de correo electr\u00f3nico: news@genverde.it; www.genverde.it; Loppiano, Via San Vito 12 50064 Figline e Incisa in Valdarno (Florencia) &#8211; Italia.<\/p>\n\n<div class=\"wp-block-ugb-button ugb-button-wrapper ugb-43905e9 ugb-main-block\"><style>.ugb-43905e9 .ugb-block-content{justify-content:center}.ugb-43905e9 .ugb-block-content .ugb-button{border-radius:3px}.ugb-43905e9 .ugb-button1{background-color:var(--paletteColor2,#96c600);border-radius:3px !important}.ugb-43905e9 .ugb-button1 .ugb-button--inner,.ugb-43905e9 .ugb-button1 svg:not(.ugb-custom-icon){color:var(--paletteColor1,#ffffff) !important}.ugb-43905e9 .ugb-button1:hover{opacity:1}.ugb-43905e9 .ugb-button1:before{border-radius:3px !important}.ugb-43905e9 .ugb-inner-block{text-align:center}<\/style><div class=\"ugb-inner-block\"><div class=\"ugb-block-content\"><div class=\"ugb-button-container\"><a class=\"ugb-button1 ugb-button ugb-button--size-large\" href=\"https:\/\/www.genverde.it\/es\/suscribete-al-newsletter\/\" rel=\"\" title=\"\"><span class=\"ugb-button--inner\"><strong>INSCRIVETE<\/strong><\/span><\/a><\/div><\/div><\/div><\/div>\n\n<div class=\"wp-block-ugb-spacer ugb-spacer ugb-c6b7843 ugb-spacer--v2 ugb-main-block\"><div class=\"ugb-inner-block\"><div class=\"ugb-block-content\"><div class=\"ugb-spacer--inner\"><\/div><\/div><\/div><\/div>\n","protected":false},"excerpt":{"rendered":"<p>de los usuarios que acceden y consultan el sitio web de Gen Verde para la\u2026<\/p>\n","protected":false},"author":5,"featured_media":0,"parent":0,"menu_order":0,"comment_status":"closed","ping_status":"closed","template":"","meta":[],"blocksy_meta":{"styles_descriptor":{"styles":{"desktop":"","tablet":"","mobile":""},"google_fonts":[]}},"featured_image_urls":{"full":"","thumbnail":"","medium":"","medium_large":"","large":"","1536x1536":"","2048x2048":""},"post_excerpt_stackable":"<p>de los usuarios que acceden y consultan el sitio web de Gen Verde para la protecci\u00f3n de datos personales de conformidad con el Reglamento (UE) 2016\/679 https:\/\/www.genverde.it\/ Pr\u00f3logoEsta p\u00e1gina describe c\u00f3mo se gestiona el sitio web en lo que respecta al tratamiento de los datos personales de los usuarios que acceden a \u00e9l y lo consultan. De acuerdo con la legislaci\u00f3n indicada, todo tratamiento se basar\u00e1 en los principios de correcci\u00f3n, legalidad, transparencia y protecci\u00f3n de la confidencialidad y los derechos de los Usuarios. Esta informaci\u00f3n se proporciona en materia de privacidad de conformidad con el Reglamento (UE) 2016\/679 (en&hellip;<\/p>\n","category_list":"","author_info":{"name":"Raiveth Banfield","url":"https:\/\/www.genverde.it\/es\/author\/raiveth-banfield\/"},"comments_num":"0 comentarios","yoast_head":"<!-- This site is optimized with the Yoast SEO plugin v20.10 - https:\/\/yoast.com\/wordpress\/plugins\/seo\/ -->\n<title>INFORMACI\u00d3N SOBRE EL TRATAMIENTO DE DATOS PERSONALES<\/title>\n<meta name=\"robots\" content=\"index, follow, max-snippet:-1, max-image-preview:large, max-video-preview:-1\" \/>\n<link rel=\"canonical\" href=\"https:\/\/www.genverde.it\/es\/informacion-sobre-el-tratamiento-de-datos-personales-2\/\" \/>\n<meta property=\"og:locale\" content=\"es_ES\" \/>\n<meta property=\"og:type\" content=\"article\" \/>\n<meta property=\"og:title\" content=\"INFORMACI\u00d3N SOBRE EL TRATAMIENTO DE DATOS PERSONALES\" \/>\n<meta property=\"og:description\" content=\"de los usuarios que acceden y consultan el sitio web de Gen Verde para la\u2026\" \/>\n<meta property=\"og:url\" content=\"https:\/\/www.genverde.it\/es\/informacion-sobre-el-tratamiento-de-datos-personales-2\/\" \/>\n<meta property=\"og:site_name\" content=\"Gen Verde\" \/>\n<meta property=\"article:modified_time\" content=\"2023-01-17T07:49:11+00:00\" \/>\n<meta property=\"og:image\" content=\"https:\/\/www.genverde.it\/wp-content\/uploads\/2021\/06\/logo-gen-verde-semplice.png\" \/>\n\t<meta property=\"og:image:width\" content=\"646\" \/>\n\t<meta property=\"og:image:height\" content=\"237\" \/>\n\t<meta property=\"og:image:type\" content=\"image\/png\" \/>\n<meta name=\"twitter:card\" content=\"summary_large_image\" \/>\n<meta name=\"twitter:label1\" content=\"Tiempo de lectura\" \/>\n\t<meta name=\"twitter:data1\" content=\"11 minutos\" \/>\n<script type=\"application\/ld+json\" class=\"yoast-schema-graph\">{\"@context\":\"https:\/\/schema.org\",\"@graph\":[{\"@type\":\"WebPage\",\"@id\":\"https:\/\/www.genverde.it\/es\/informacion-sobre-el-tratamiento-de-datos-personales-2\/\",\"url\":\"https:\/\/www.genverde.it\/es\/informacion-sobre-el-tratamiento-de-datos-personales-2\/\",\"name\":\"INFORMACI\u00d3N SOBRE EL TRATAMIENTO DE DATOS PERSONALES\",\"isPartOf\":{\"@id\":\"https:\/\/www.genverde.it\/es\/#website\"},\"datePublished\":\"2023-01-09T10:45:28+00:00\",\"dateModified\":\"2023-01-17T07:49:11+00:00\",\"breadcrumb\":{\"@id\":\"https:\/\/www.genverde.it\/es\/informacion-sobre-el-tratamiento-de-datos-personales-2\/#breadcrumb\"},\"inLanguage\":\"es\",\"potentialAction\":[{\"@type\":\"ReadAction\",\"target\":[\"https:\/\/www.genverde.it\/es\/informacion-sobre-el-tratamiento-de-datos-personales-2\/\"]}]},{\"@type\":\"BreadcrumbList\",\"@id\":\"https:\/\/www.genverde.it\/es\/informacion-sobre-el-tratamiento-de-datos-personales-2\/#breadcrumb\",\"itemListElement\":[{\"@type\":\"ListItem\",\"position\":1,\"name\":\"Home\",\"item\":\"https:\/\/www.genverde.it\/es\/\"},{\"@type\":\"ListItem\",\"position\":2,\"name\":\"INFORMACI\u00d3N SOBRE EL TRATAMIENTO DE DATOS PERSONALES\"}]},{\"@type\":\"WebSite\",\"@id\":\"https:\/\/www.genverde.it\/es\/#website\",\"url\":\"https:\/\/www.genverde.it\/es\/\",\"name\":\"Gen Verde\",\"description\":\"\",\"publisher\":{\"@id\":\"https:\/\/www.genverde.it\/es\/#organization\"},\"potentialAction\":[{\"@type\":\"SearchAction\",\"target\":{\"@type\":\"EntryPoint\",\"urlTemplate\":\"https:\/\/www.genverde.it\/es\/?s={search_term_string}\"},\"query-input\":\"required name=search_term_string\"}],\"inLanguage\":\"es\"},{\"@type\":\"Organization\",\"@id\":\"https:\/\/www.genverde.it\/es\/#organization\",\"name\":\"Gen Verde\",\"url\":\"https:\/\/www.genverde.it\/es\/\",\"logo\":{\"@type\":\"ImageObject\",\"inLanguage\":\"es\",\"@id\":\"https:\/\/www.genverde.it\/es\/#\/schema\/logo\/image\/\",\"url\":\"https:\/\/www.genverde.it\/wp-content\/uploads\/2021\/05\/logo-gen-verde-black.png\",\"contentUrl\":\"https:\/\/www.genverde.it\/wp-content\/uploads\/2021\/05\/logo-gen-verde-black.png\",\"width\":646,\"height\":392,\"caption\":\"Gen Verde\"},\"image\":{\"@id\":\"https:\/\/www.genverde.it\/es\/#\/schema\/logo\/image\/\"}}]}<\/script>\n<!-- \/ Yoast SEO plugin. -->","yoast_head_json":{"title":"INFORMACI\u00d3N SOBRE EL TRATAMIENTO DE DATOS PERSONALES","robots":{"index":"index","follow":"follow","max-snippet":"max-snippet:-1","max-image-preview":"max-image-preview:large","max-video-preview":"max-video-preview:-1"},"canonical":"https:\/\/www.genverde.it\/es\/informacion-sobre-el-tratamiento-de-datos-personales-2\/","og_locale":"es_ES","og_type":"article","og_title":"INFORMACI\u00d3N SOBRE EL TRATAMIENTO DE DATOS PERSONALES","og_description":"de los usuarios que acceden y consultan el sitio web de Gen Verde para la\u2026","og_url":"https:\/\/www.genverde.it\/es\/informacion-sobre-el-tratamiento-de-datos-personales-2\/","og_site_name":"Gen Verde","article_modified_time":"2023-01-17T07:49:11+00:00","og_image":[{"width":646,"height":237,"url":"https:\/\/www.genverde.it\/wp-content\/uploads\/2021\/06\/logo-gen-verde-semplice.png","type":"image\/png"}],"twitter_card":"summary_large_image","twitter_misc":{"Tiempo de lectura":"11 minutos"},"schema":{"@context":"https:\/\/schema.org","@graph":[{"@type":"WebPage","@id":"https:\/\/www.genverde.it\/es\/informacion-sobre-el-tratamiento-de-datos-personales-2\/","url":"https:\/\/www.genverde.it\/es\/informacion-sobre-el-tratamiento-de-datos-personales-2\/","name":"INFORMACI\u00d3N SOBRE EL TRATAMIENTO DE DATOS PERSONALES","isPartOf":{"@id":"https:\/\/www.genverde.it\/es\/#website"},"datePublished":"2023-01-09T10:45:28+00:00","dateModified":"2023-01-17T07:49:11+00:00","breadcrumb":{"@id":"https:\/\/www.genverde.it\/es\/informacion-sobre-el-tratamiento-de-datos-personales-2\/#breadcrumb"},"inLanguage":"es","potentialAction":[{"@type":"ReadAction","target":["https:\/\/www.genverde.it\/es\/informacion-sobre-el-tratamiento-de-datos-personales-2\/"]}]},{"@type":"BreadcrumbList","@id":"https:\/\/www.genverde.it\/es\/informacion-sobre-el-tratamiento-de-datos-personales-2\/#breadcrumb","itemListElement":[{"@type":"ListItem","position":1,"name":"Home","item":"https:\/\/www.genverde.it\/es\/"},{"@type":"ListItem","position":2,"name":"INFORMACI\u00d3N SOBRE EL TRATAMIENTO DE DATOS PERSONALES"}]},{"@type":"WebSite","@id":"https:\/\/www.genverde.it\/es\/#website","url":"https:\/\/www.genverde.it\/es\/","name":"Gen Verde","description":"","publisher":{"@id":"https:\/\/www.genverde.it\/es\/#organization"},"potentialAction":[{"@type":"SearchAction","target":{"@type":"EntryPoint","urlTemplate":"https:\/\/www.genverde.it\/es\/?s={search_term_string}"},"query-input":"required name=search_term_string"}],"inLanguage":"es"},{"@type":"Organization","@id":"https:\/\/www.genverde.it\/es\/#organization","name":"Gen Verde","url":"https:\/\/www.genverde.it\/es\/","logo":{"@type":"ImageObject","inLanguage":"es","@id":"https:\/\/www.genverde.it\/es\/#\/schema\/logo\/image\/","url":"https:\/\/www.genverde.it\/wp-content\/uploads\/2021\/05\/logo-gen-verde-black.png","contentUrl":"https:\/\/www.genverde.it\/wp-content\/uploads\/2021\/05\/logo-gen-verde-black.png","width":646,"height":392,"caption":"Gen Verde"},"image":{"@id":"https:\/\/www.genverde.it\/es\/#\/schema\/logo\/image\/"}}]}},"_links":{"self":[{"href":"https:\/\/www.genverde.it\/es\/wp-json\/wp\/v2\/pages\/27292"}],"collection":[{"href":"https:\/\/www.genverde.it\/es\/wp-json\/wp\/v2\/pages"}],"about":[{"href":"https:\/\/www.genverde.it\/es\/wp-json\/wp\/v2\/types\/page"}],"author":[{"embeddable":true,"href":"https:\/\/www.genverde.it\/es\/wp-json\/wp\/v2\/users\/5"}],"replies":[{"embeddable":true,"href":"https:\/\/www.genverde.it\/es\/wp-json\/wp\/v2\/comments?post=27292"}],"version-history":[{"count":10,"href":"https:\/\/www.genverde.it\/es\/wp-json\/wp\/v2\/pages\/27292\/revisions"}],"predecessor-version":[{"id":27387,"href":"https:\/\/www.genverde.it\/es\/wp-json\/wp\/v2\/pages\/27292\/revisions\/27387"}],"wp:attachment":[{"href":"https:\/\/www.genverde.it\/es\/wp-json\/wp\/v2\/media?parent=27292"}],"curies":[{"name":"wp","href":"https:\/\/api.w.org\/{rel}","templated":true}]}}