{"id":5037,"date":"2021-05-07T17:15:56","date_gmt":"2021-05-07T15:15:56","guid":{"rendered":"https:\/\/www.genverde.it\/contactos\/"},"modified":"2024-05-16T10:14:49","modified_gmt":"2024-05-16T08:14:49","slug":"contactos","status":"publish","type":"page","link":"https:\/\/www.genverde.it\/es\/contactos\/","title":{"rendered":"Contactos"},"content":{"rendered":"\n<div class=\"is-layout-flex wp-container-4 wp-block-columns\">\n<div class=\"is-layout-flow wp-block-column\">\n<div class=\"wp-block-ugb-icon ugb-icon ugb-3424293 ugb-icon--v2 ugb-icon--design-basic ugb-main-block\"><style>.ugb-3424293 .ugb-icon__icon .ugb-icon-inner-svg,.ugb-3424293 .ugb-icon__icon .ugb-icon-inner-svg svg{width:40px !important;height:40px !important}.ugb-3424293 .ugb-icon__icon .ugb-icon-inner-svg{color:var(--paletteColor2,#96c600) !important}.ugb-3424293 .ugb-icon__icon .ugb-icon-inner-svg,.ugb-3424293 .ugb-icon__icon .ugb-icon-inner-svg svg *{color:var(--paletteColor2,#96c600) !important;fill:var(--paletteColor2,#96c600) !important}<\/style><div class=\"ugb-inner-block\"><div class=\"ugb-block-content\"><div class=\"ugb-icon__content-wrapper\"><div class=\"ugb-icon__item ugb-icon__item1\"><div class=\"ugb-icon__icon\" rel=\"nofollow\"><div class=\"ugb-icon-inner-svg\"><svg data-prefix=\"fas\" data-icon=\"map-marker-alt\" class=\"svg-inline--fa fa-map-marker-alt fa-w-12\" role=\"img\" xmlns=\"http:\/\/www.w3.org\/2000\/svg\" viewBox=\"0 0 384 512\"><path fill=\"currentColor\" d=\"M172.268 501.67C26.97 291.031 0 269.413 0 192 0 85.961 85.961 0 192 0s192 85.961 192 192c0 77.413-26.97 99.031-172.268 309.67-9.535 13.774-29.93 13.773-39.464 0zM192 272c44.183 0 80-35.817 80-80s-35.817-80-80-80-80 35.817-80 80 35.817 80 80 80z\"><\/path><\/svg><\/div><\/div><h5 class=\"ugb-icon__title\"><strong>donde estamos<\/strong><\/h5><\/div><\/div><\/div><\/div><\/div>\n\n\n\n<p class=\"has-text-align-center\">Loppiano, Via San Vito 12 <br>50064 Figline e Incisa in Valdarno (Firenze) &#8211; Italia<\/p>\n<\/div>\n\n\n\n<div class=\"is-layout-flow wp-block-column\">\n<div class=\"wp-block-ugb-icon ugb-icon ugb-99305dd ugb-icon--v2 ugb-icon--design-basic ugb-main-block\"><style>.ugb-99305dd .ugb-icon__icon .ugb-icon-inner-svg,.ugb-99305dd .ugb-icon__icon .ugb-icon-inner-svg svg{width:40px !important;height:40px !important}.ugb-99305dd .ugb-icon__icon .ugb-icon-inner-svg{color:var(--paletteColor2,#96c600) !important}.ugb-99305dd .ugb-icon__icon .ugb-icon-inner-svg,.ugb-99305dd .ugb-icon__icon .ugb-icon-inner-svg svg *{color:var(--paletteColor2,#96c600) !important;fill:var(--paletteColor2,#96c600) !important}<\/style><div class=\"ugb-inner-block\"><div class=\"ugb-block-content\"><div class=\"ugb-icon__content-wrapper\"><div class=\"ugb-icon__item ugb-icon__item1\"><div class=\"ugb-icon__icon\" rel=\"nofollow\"><div class=\"ugb-icon-inner-svg\"><svg data-prefix=\"fas\" data-icon=\"phone-alt\" class=\"svg-inline--fa fa-phone-alt fa-w-16\" role=\"img\" xmlns=\"http:\/\/www.w3.org\/2000\/svg\" viewBox=\"0 0 512 512\"><path fill=\"currentColor\" d=\"M497.39 361.8l-112-48a24 24 0 0 0-28 6.9l-49.6 60.6A370.66 370.66 0 0 1 130.6 204.11l60.6-49.6a23.94 23.94 0 0 0 6.9-28l-48-112A24.16 24.16 0 0 0 122.6.61l-104 24A24 24 0 0 0 0 48c0 256.5 207.9 464 464 464a24 24 0 0 0 23.4-18.6l24-104a24.29 24.29 0 0 0-14.01-27.6z\"><\/path><\/svg><\/div><\/div><h5 class=\"ugb-icon__title\">tel\u00e9fono<\/h5><\/div><\/div><\/div><\/div><\/div>\n\n\n\n<h4 class=\"has-text-align-center\"><tcxspan tcxhref=\"tel:+390559051450\" title=\"Call (+39) 055\/9051450 with 3CX Click to Call\">(+39) 055\/9051450<\/tcxspan><\/h4>\n<\/div>\n\n\n\n<div class=\"is-layout-flow wp-block-column\">\n<div class=\"wp-block-ugb-icon ugb-icon ugb-e5fa648 ugb-icon--v2 ugb-icon--design-basic ugb-main-block\"><style>.ugb-e5fa648 .ugb-icon__icon .ugb-icon-inner-svg,.ugb-e5fa648 .ugb-icon__icon .ugb-icon-inner-svg svg{width:40px !important;height:40px !important}.ugb-e5fa648 .ugb-icon__icon .ugb-icon-inner-svg{color:var(--paletteColor2,#96c600) !important}.ugb-e5fa648 .ugb-icon__icon .ugb-icon-inner-svg,.ugb-e5fa648 .ugb-icon__icon .ugb-icon-inner-svg svg *{color:var(--paletteColor2,#96c600) !important;fill:var(--paletteColor2,#96c600) !important}<\/style><div class=\"ugb-inner-block\"><div class=\"ugb-block-content\"><div class=\"ugb-icon__content-wrapper\"><div class=\"ugb-icon__item ugb-icon__item1\"><div class=\"ugb-icon__icon\" rel=\"nofollow\"><div class=\"ugb-icon-inner-svg\"><svg data-prefix=\"fas\" data-icon=\"envelope-open-text\" class=\"svg-inline--fa fa-envelope-open-text fa-w-16\" role=\"img\" xmlns=\"http:\/\/www.w3.org\/2000\/svg\" viewBox=\"0 0 512 512\"><path fill=\"currentColor\" d=\"M176 216h160c8.84 0 16-7.16 16-16v-16c0-8.84-7.16-16-16-16H176c-8.84 0-16 7.16-16 16v16c0 8.84 7.16 16 16 16zm-16 80c0 8.84 7.16 16 16 16h160c8.84 0 16-7.16 16-16v-16c0-8.84-7.16-16-16-16H176c-8.84 0-16 7.16-16 16v16zm96 121.13c-16.42 0-32.84-5.06-46.86-15.19L0 250.86V464c0 26.51 21.49 48 48 48h416c26.51 0 48-21.49 48-48V250.86L302.86 401.94c-14.02 10.12-30.44 15.19-46.86 15.19zm237.61-254.18c-8.85-6.94-17.24-13.47-29.61-22.81V96c0-26.51-21.49-48-48-48h-77.55c-3.04-2.2-5.87-4.26-9.04-6.56C312.6 29.17 279.2-.35 256 0c-23.2-.35-56.59 29.17-73.41 41.44-3.17 2.3-6 4.36-9.04 6.56H96c-26.51 0-48 21.49-48 48v44.14c-12.37 9.33-20.76 15.87-29.61 22.81A47.995 47.995 0 0 0 0 200.72v10.65l96 69.35V96h320v184.72l96-69.35v-10.65c0-14.74-6.78-28.67-18.39-37.77z\"><\/path><\/svg><\/div><\/div><h5 class=\"ugb-icon__title\">e-mail<\/h5><\/div><\/div><\/div><\/div><\/div>\n\n\n\n<p class=\"has-text-align-center\"><strong><a href=\"mailto:info@genverde.it\">info@genverde.it<\/a><\/strong><\/p>\n<\/div>\n<\/div>\n\n\n\n<div class=\"wp-block-ugb-spacer ugb-spacer ugb-206d75c ugb-spacer--v2 ugb-main-block\"><div class=\"ugb-inner-block\"><div class=\"ugb-block-content\"><div class=\"ugb-spacer--inner\"><\/div><\/div><\/div><\/div>\n\n\n\n<h4 class=\"has-text-align-center\">\u00bfTiene alguna pregunta para Gen Verde? Complete el siguiente formulario y escriba un mensaje. <br>\u00a1Nos pondremos en contacto contigo lo antes posible!<\/h4>\n\n\n\n<div class=\"is-layout-flow wp-block-group alignwide text-intro\"><div class=\"wp-block-group__inner-container\"><script type=\"text\/javascript\">if(!gform){document.addEventListener(\"gform_main_scripts_loaded\",function(){gform.scriptsLoaded=!0}),window.addEventListener(\"DOMContentLoaded\",function(){gform.domLoaded=!0});var gform={domLoaded:!1,scriptsLoaded:!1,initializeOnLoaded:function(o){gform.domLoaded&&gform.scriptsLoaded?o():!gform.domLoaded&&gform.scriptsLoaded?window.addEventListener(\"DOMContentLoaded\",o):document.addEventListener(\"gform_main_scripts_loaded\",o)},hooks:{action:{},filter:{}},addAction:function(o,n,r,t){gform.addHook(\"action\",o,n,r,t)},addFilter:function(o,n,r,t){gform.addHook(\"filter\",o,n,r,t)},doAction:function(o){gform.doHook(\"action\",o,arguments)},applyFilters:function(o){return gform.doHook(\"filter\",o,arguments)},removeAction:function(o,n){gform.removeHook(\"action\",o,n)},removeFilter:function(o,n,r){gform.removeHook(\"filter\",o,n,r)},addHook:function(o,n,r,t,i){null==gform.hooks[o][n]&&(gform.hooks[o][n]=[]);var e=gform.hooks[o][n];null==i&&(i=n+\"_\"+e.length),null==t&&(t=10),gform.hooks[o][n].push({tag:i,callable:r,priority:t})},doHook:function(o,n,r){if(r=Array.prototype.slice.call(r,1),null!=gform.hooks[o][n]){var t,i=gform.hooks[o][n];i.sort(function(o,n){return o.priority-n.priority});for(var e=0;e<i.length;e++)\"function\"!=typeof(t=i[e].callable)&#038;&#038;(t=window[t]),\"action\"==o?t.apply(null,r):r[0]=t.apply(null,r)}if(\"filter\"==o)return r[0]},removeHook:function(o,n,r,t){if(null!=gform.hooks[o][n])for(var i=gform.hooks[o][n],e=i.length-1;0<=e;e--)null!=t&#038;&#038;t!=i[e].tag||null!=r&#038;&#038;r!=i[e].priority||i.splice(e,1)}}}<\/script>\n                <div class='gf_browser_gecko gform_wrapper gravity-theme' id='gform_wrapper_1' ><form method='post' enctype='multipart\/form-data'  id='gform_1'  action='\/es\/wp-json\/wp\/v2\/pages\/5037' novalidate> \r\n <input type='hidden' class='gforms-pum' value='{\"closepopup\":false,\"closedelay\":0,\"openpopup\":false,\"openpopup_id\":0}' \/>\n                        <div class='gform_body gform-body'><div id='gform_fields_1' class='gform_fields top_label form_sublabel_below description_below'><div id=\"field_1_1\" class=\"gfield gfield_contains_required field_sublabel_below field_description_below hidden_label gfield_visibility_visible\" ><label class='gfield_label' for='input_1_1' >Nombre y apellido<span class=\"gfield_required\"><span class=\"gfield_required gfield_required_text\">(Obligatorio)<\/span><\/span><\/label><div class='ginput_container ginput_container_text'><input name='input_1' id='input_1_1' type='text' value='' class='large'    placeholder='Nombre y apellido' aria-required=\"true\" aria-invalid=\"false\"   \/> <\/div><\/div><div id=\"field_1_2\" class=\"gfield gfield_contains_required field_sublabel_below field_description_below hidden_label gfield_visibility_visible\" ><label class='gfield_label' for='input_1_2' >Email<span class=\"gfield_required\"><span class=\"gfield_required gfield_required_text\">(Obligatorio)<\/span><\/span><\/label><div class='ginput_container ginput_container_email'>\n                            <input name='input_2' id='input_1_2' type='email' value='' class='large'   placeholder='Email' aria-required=\"true\" aria-invalid=\"false\"  \/>\n                        <\/div><\/div><div id=\"field_1_3\" class=\"gfield gfield_contains_required field_sublabel_below field_description_below hidden_label gfield_visibility_visible\" ><label class='gfield_label' for='input_1_3' >Tel\u00e9fono<span class=\"gfield_required\"><span class=\"gfield_required gfield_required_text\">(Obligatorio)<\/span><\/span><\/label><div class='ginput_container ginput_container_text'><input name='input_3' id='input_1_3' type='text' value='' class='large'    placeholder='Tel\u00e9fono' aria-required=\"true\" aria-invalid=\"false\"   \/> <\/div><\/div><div id=\"field_1_4\" class=\"gfield gfield_contains_required field_sublabel_below field_description_below hidden_label gfield_visibility_visible\" ><label class='gfield_label' for='input_1_4' >Mensaje<span class=\"gfield_required\"><span class=\"gfield_required gfield_required_text\">(Obligatorio)<\/span><\/span><\/label><div class='ginput_container ginput_container_textarea'><textarea name='input_4' id='input_1_4' class='textarea medium'    placeholder='Mensaje' aria-required=\"true\" aria-invalid=\"false\"   rows='10' cols='50'><\/textarea><\/div><\/div><fieldset id=\"field_1_5\" class=\"gfield gfield--width-full gfield_contains_required field_sublabel_below field_description_below gfield_visibility_visible\" ><legend class='gfield_label gfield_label_before_complex'  >Consentimiento de la pol\u00edtica de privacidad<span class=\"gfield_required\"><span class=\"gfield_required gfield_required_text\">(Obligatorio)<\/span><\/span><\/legend><div class='ginput_container ginput_container_checkbox'><div class='gfield_checkbox' id='input_1_5'><div class='gchoice gchoice_1_5_1'>\n\t\t\t\t\t\t\t\t<input class='gfield-choice-input' name='input_5.1' type='checkbox'  value='He le\u00eddo y acepto la pol\u00edtica de privacidad &lt;a href=&quot;https:\/\/www.genverde.it\/es\/politica-de-privacidad\/&quot;&gt; [Leer] &lt;\/a&gt;'  id='choice_1_5_1'   \/>\n\t\t\t\t\t\t\t\t<label for='choice_1_5_1' id='label_1_5_1'>He le\u00eddo y acepto la pol\u00edtica de privacidad <a href=\"https:\/\/www.genverde.it\/es\/politica-de-privacidad\/\"> [Leer] <\/a><\/label>\n\t\t\t\t\t\t\t<\/div><\/div><\/div><\/fieldset><div id=\"field_1_6\" class=\"gfield field_sublabel_below field_description_below gfield_visibility_visible\" ><label class='gfield_label screen-reader-text' for='input_1_6' ><\/label><div id='input_1_6' class='ginput_container ginput_recaptcha' data-sitekey='6LcBB50bAAAAANUNzQoP8zD_MhwPml7ppfbsFbik'  data-theme='light' data-tabindex='0'  data-badge=''><\/div><\/div><\/div><\/div>\n        <div class='gform_footer top_label'> <input type='submit' id='gform_submit_button_1' class='gform_button button' value='Enviar'  onclick='if(window[\"gf_submitting_1\"]){return false;}  if( !jQuery(\"#gform_1\")[0].checkValidity || jQuery(\"#gform_1\")[0].checkValidity()){window[\"gf_submitting_1\"]=true;}  ' onkeypress='if( event.keyCode == 13 ){ if(window[\"gf_submitting_1\"]){return false;} if( !jQuery(\"#gform_1\")[0].checkValidity || jQuery(\"#gform_1\")[0].checkValidity()){window[\"gf_submitting_1\"]=true;}  jQuery(\"#gform_1\").trigger(\"submit\",[true]); }' \/> \n            <input type='hidden' class='gform_hidden' name='is_submit_1' value='1' \/>\n            <input type='hidden' class='gform_hidden' name='gform_submit' value='1' \/>\n            \n            <input type='hidden' class='gform_hidden' name='gform_unique_id' value='' \/>\n            <input type='hidden' class='gform_hidden' name='state_1' value='WyJbXSIsImJmNGQ5MWQ3MGI4NjQ1OWE2ZjNjMWNkNzA4NWU2OWJhIl0=' \/>\n            <input type='hidden' class='gform_hidden' name='gform_target_page_number_1' id='gform_target_page_number_1' value='0' \/>\n            <input type='hidden' class='gform_hidden' name='gform_source_page_number_1' id='gform_source_page_number_1' value='1' \/>\n            <input type='hidden' name='gform_field_values' value='' \/>\n            \n        <\/div>\n                        <\/form>\n                        <\/div>\n\n\n<p><\/p>\n<\/div><\/div>\n\n\n\n<ul class=\"is-layout-flex wp-block-social-links aligncenter is-style-logos-only\"><li class=\"wp-social-link wp-social-link-youtube wp-block-social-link\"><a href=\"https:\/\/yt.openinapp.link\/b734e\"  class=\"wp-block-social-link-anchor\"><svg width=\"24\" height=\"24\" viewBox=\"0 0 24 24\" version=\"1.1\" xmlns=\"http:\/\/www.w3.org\/2000\/svg\" aria-hidden=\"true\" focusable=\"false\"><path d=\"M21.8,8.001c0,0-0.195-1.378-0.795-1.985c-0.76-0.797-1.613-0.801-2.004-0.847c-2.799-0.202-6.997-0.202-6.997-0.202 h-0.009c0,0-4.198,0-6.997,0.202C4.608,5.216,3.756,5.22,2.995,6.016C2.395,6.623,2.2,8.001,2.2,8.001S2,9.62,2,11.238v1.517 c0,1.618,0.2,3.237,0.2,3.237s0.195,1.378,0.795,1.985c0.761,0.797,1.76,0.771,2.205,0.855c1.6,0.153,6.8,0.201,6.8,0.201 s4.203-0.006,7.001-0.209c0.391-0.047,1.243-0.051,2.004-0.847c0.6-0.607,0.795-1.985,0.795-1.985s0.2-1.618,0.2-3.237v-1.517 C22,9.62,21.8,8.001,21.8,8.001z M9.935,14.594l-0.001-5.62l5.404,2.82L9.935,14.594z\"><\/path><\/svg><span class=\"wp-block-social-link-label screen-reader-text\">YouTube<\/span><\/a><\/li>\n\n<li class=\"wp-social-link wp-social-link-instagram wp-block-social-link\"><a href=\"https:\/\/www.instagram.com\/genverdeofficial?igsh=MWs3YTY0dDhqYXJuMA%3D%3D&#038;utm_source=qr\"  class=\"wp-block-social-link-anchor\"><svg width=\"24\" height=\"24\" viewBox=\"0 0 24 24\" version=\"1.1\" xmlns=\"http:\/\/www.w3.org\/2000\/svg\" aria-hidden=\"true\" focusable=\"false\"><path d=\"M12,4.622c2.403,0,2.688,0.009,3.637,0.052c0.877,0.04,1.354,0.187,1.671,0.31c0.42,0.163,0.72,0.358,1.035,0.673 c0.315,0.315,0.51,0.615,0.673,1.035c0.123,0.317,0.27,0.794,0.31,1.671c0.043,0.949,0.052,1.234,0.052,3.637 s-0.009,2.688-0.052,3.637c-0.04,0.877-0.187,1.354-0.31,1.671c-0.163,0.42-0.358,0.72-0.673,1.035 c-0.315,0.315-0.615,0.51-1.035,0.673c-0.317,0.123-0.794,0.27-1.671,0.31c-0.949,0.043-1.233,0.052-3.637,0.052 s-2.688-0.009-3.637-0.052c-0.877-0.04-1.354-0.187-1.671-0.31c-0.42-0.163-0.72-0.358-1.035-0.673 c-0.315-0.315-0.51-0.615-0.673-1.035c-0.123-0.317-0.27-0.794-0.31-1.671C4.631,14.688,4.622,14.403,4.622,12 s0.009-2.688,0.052-3.637c0.04-0.877,0.187-1.354,0.31-1.671c0.163-0.42,0.358-0.72,0.673-1.035 c0.315-0.315,0.615-0.51,1.035-0.673c0.317-0.123,0.794-0.27,1.671-0.31C9.312,4.631,9.597,4.622,12,4.622 M12,3 C9.556,3,9.249,3.01,8.289,3.054C7.331,3.098,6.677,3.25,6.105,3.472C5.513,3.702,5.011,4.01,4.511,4.511 c-0.5,0.5-0.808,1.002-1.038,1.594C3.25,6.677,3.098,7.331,3.054,8.289C3.01,9.249,3,9.556,3,12c0,2.444,0.01,2.751,0.054,3.711 c0.044,0.958,0.196,1.612,0.418,2.185c0.23,0.592,0.538,1.094,1.038,1.594c0.5,0.5,1.002,0.808,1.594,1.038 c0.572,0.222,1.227,0.375,2.185,0.418C9.249,20.99,9.556,21,12,21s2.751-0.01,3.711-0.054c0.958-0.044,1.612-0.196,2.185-0.418 c0.592-0.23,1.094-0.538,1.594-1.038c0.5-0.5,0.808-1.002,1.038-1.594c0.222-0.572,0.375-1.227,0.418-2.185 C20.99,14.751,21,14.444,21,12s-0.01-2.751-0.054-3.711c-0.044-0.958-0.196-1.612-0.418-2.185c-0.23-0.592-0.538-1.094-1.038-1.594 c-0.5-0.5-1.002-0.808-1.594-1.038c-0.572-0.222-1.227-0.375-2.185-0.418C14.751,3.01,14.444,3,12,3L12,3z M12,7.378 c-2.552,0-4.622,2.069-4.622,4.622S9.448,16.622,12,16.622s4.622-2.069,4.622-4.622S14.552,7.378,12,7.378z M12,15 c-1.657,0-3-1.343-3-3s1.343-3,3-3s3,1.343,3,3S13.657,15,12,15z M16.804,6.116c-0.596,0-1.08,0.484-1.08,1.08 s0.484,1.08,1.08,1.08c0.596,0,1.08-0.484,1.08-1.08S17.401,6.116,16.804,6.116z\"><\/path><\/svg><span class=\"wp-block-social-link-label screen-reader-text\">Instagram<\/span><\/a><\/li>\n\n<li class=\"wp-social-link wp-social-link-facebook wp-block-social-link\"><a href=\"https:\/\/fb.openinapp.co\/uac92\"  class=\"wp-block-social-link-anchor\"><svg width=\"24\" height=\"24\" viewBox=\"0 0 24 24\" version=\"1.1\" xmlns=\"http:\/\/www.w3.org\/2000\/svg\" aria-hidden=\"true\" focusable=\"false\"><path d=\"M12 2C6.5 2 2 6.5 2 12c0 5 3.7 9.1 8.4 9.9v-7H7.9V12h2.5V9.8c0-2.5 1.5-3.9 3.8-3.9 1.1 0 2.2.2 2.2.2v2.5h-1.3c-1.2 0-1.6.8-1.6 1.6V12h2.8l-.4 2.9h-2.3v7C18.3 21.1 22 17 22 12c0-5.5-4.5-10-10-10z\"><\/path><\/svg><span class=\"wp-block-social-link-label screen-reader-text\">Facebook<\/span><\/a><\/li><\/ul>\n","protected":false},"excerpt":{"rendered":"<p>Loppiano, Via San Vito 12 50064 Figline e Incisa in Valdarno (Firenze) &#8211; Italia (+39)\u2026<\/p>\n","protected":false},"author":3,"featured_media":5038,"parent":0,"menu_order":0,"comment_status":"closed","ping_status":"closed","template":"","meta":[],"blocksy_meta":{"styles_descriptor":{"styles":{"desktop":"","tablet":"","mobile":""},"google_fonts":[]}},"featured_image_urls":{"full":["https:\/\/www.genverde.it\/wp-content\/uploads\/2021\/06\/gen-verde-group-home.jpg",1920,1100,false],"thumbnail":["https:\/\/www.genverde.it\/wp-content\/uploads\/2021\/06\/gen-verde-group-home-150x150.jpg",150,150,true],"medium":["https:\/\/www.genverde.it\/wp-content\/uploads\/2021\/06\/gen-verde-group-home-300x172.jpg",300,172,true],"medium_large":["https:\/\/www.genverde.it\/wp-content\/uploads\/2021\/06\/gen-verde-group-home-768x440.jpg",768,440,true],"large":["https:\/\/www.genverde.it\/wp-content\/uploads\/2021\/06\/gen-verde-group-home-1024x587.jpg",1024,587,true],"1536x1536":["https:\/\/www.genverde.it\/wp-content\/uploads\/2021\/06\/gen-verde-group-home-1536x880.jpg",1536,880,true],"2048x2048":["https:\/\/www.genverde.it\/wp-content\/uploads\/2021\/06\/gen-verde-group-home.jpg",1920,1100,false]},"post_excerpt_stackable":"<p>donde estamos Loppiano, Via San Vito 12 50064 Figline e Incisa in Valdarno (Firenze) &#8211; Italia tel\u00e9fono (+39) 055\/9051450 e-mail info@genverde.it \u00bfTiene alguna pregunta para Gen Verde? Complete el siguiente formulario y escriba un mensaje. \u00a1Nos pondremos en contacto contigo lo antes posible! Nombre y apellido(Obligatorio) Email(Obligatorio) Tel\u00e9fono(Obligatorio) Mensaje(Obligatorio)Consentimiento de la pol\u00edtica de privacidad(Obligatorio) He le\u00eddo y acepto la pol\u00edtica de privacidad [Leer] YouTube Instagram Facebook<\/p>\n","category_list":"","author_info":{"name":"mavida","url":"https:\/\/www.genverde.it\/es\/author\/mavida\/"},"comments_num":"0 comentarios","yoast_head":"<!-- This site is optimized with the Yoast SEO plugin v20.10 - https:\/\/yoast.com\/wordpress\/plugins\/seo\/ -->\n<title>Cont\u00e1ctanos | Gen Verde<\/title>\n<meta name=\"description\" content=\"Para cualquier informaci\u00f3n, duda o simplemente para saber m\u00e1s sobre Gen Verde, no dudes en contactarnos a trav\u00e9s de nuestro m\u00f3dulo.\" \/>\n<meta name=\"robots\" content=\"index, follow, max-snippet:-1, max-image-preview:large, max-video-preview:-1\" \/>\n<link rel=\"canonical\" href=\"https:\/\/www.genverde.it\/es\/contactos\/\" \/>\n<meta property=\"og:locale\" content=\"es_ES\" \/>\n<meta property=\"og:type\" content=\"article\" \/>\n<meta property=\"og:title\" content=\"Cont\u00e1ctanos | Gen Verde\" \/>\n<meta property=\"og:description\" content=\"Para cualquier informaci\u00f3n, duda o simplemente para saber m\u00e1s sobre Gen Verde, no dudes en contactarnos a trav\u00e9s de nuestro m\u00f3dulo.\" \/>\n<meta property=\"og:url\" content=\"https:\/\/www.genverde.it\/es\/contactos\/\" \/>\n<meta property=\"og:site_name\" content=\"Gen Verde\" \/>\n<meta property=\"article:modified_time\" content=\"2024-05-16T08:14:49+00:00\" \/>\n<meta property=\"og:image\" content=\"https:\/\/www.genverde.it\/wp-content\/uploads\/2021\/06\/gen-verde-group-home.jpg\" \/>\n\t<meta property=\"og:image:width\" content=\"1920\" \/>\n\t<meta property=\"og:image:height\" content=\"1100\" \/>\n\t<meta property=\"og:image:type\" content=\"image\/jpeg\" \/>\n<meta name=\"twitter:card\" content=\"summary_large_image\" \/>\n<meta name=\"twitter:label1\" content=\"Tiempo de lectura\" \/>\n\t<meta name=\"twitter:data1\" content=\"1 minuto\" \/>\n<script type=\"application\/ld+json\" class=\"yoast-schema-graph\">{\"@context\":\"https:\/\/schema.org\",\"@graph\":[{\"@type\":\"WebPage\",\"@id\":\"https:\/\/www.genverde.it\/es\/contactos\/\",\"url\":\"https:\/\/www.genverde.it\/es\/contactos\/\",\"name\":\"Cont\u00e1ctanos | Gen Verde\",\"isPartOf\":{\"@id\":\"https:\/\/www.genverde.it\/es\/#website\"},\"datePublished\":\"2021-05-07T15:15:56+00:00\",\"dateModified\":\"2024-05-16T08:14:49+00:00\",\"description\":\"Para cualquier informaci\u00f3n, duda o simplemente para saber m\u00e1s sobre Gen Verde, no dudes en contactarnos a trav\u00e9s de nuestro m\u00f3dulo.\",\"breadcrumb\":{\"@id\":\"https:\/\/www.genverde.it\/es\/contactos\/#breadcrumb\"},\"inLanguage\":\"es\",\"potentialAction\":[{\"@type\":\"ReadAction\",\"target\":[\"https:\/\/www.genverde.it\/es\/contactos\/\"]}]},{\"@type\":\"BreadcrumbList\",\"@id\":\"https:\/\/www.genverde.it\/es\/contactos\/#breadcrumb\",\"itemListElement\":[{\"@type\":\"ListItem\",\"position\":1,\"name\":\"Home\",\"item\":\"https:\/\/www.genverde.it\/es\/\"},{\"@type\":\"ListItem\",\"position\":2,\"name\":\"Contactos\"}]},{\"@type\":\"WebSite\",\"@id\":\"https:\/\/www.genverde.it\/es\/#website\",\"url\":\"https:\/\/www.genverde.it\/es\/\",\"name\":\"Gen Verde\",\"description\":\"\",\"publisher\":{\"@id\":\"https:\/\/www.genverde.it\/es\/#organization\"},\"potentialAction\":[{\"@type\":\"SearchAction\",\"target\":{\"@type\":\"EntryPoint\",\"urlTemplate\":\"https:\/\/www.genverde.it\/es\/?s={search_term_string}\"},\"query-input\":\"required name=search_term_string\"}],\"inLanguage\":\"es\"},{\"@type\":\"Organization\",\"@id\":\"https:\/\/www.genverde.it\/es\/#organization\",\"name\":\"Gen Verde\",\"url\":\"https:\/\/www.genverde.it\/es\/\",\"logo\":{\"@type\":\"ImageObject\",\"inLanguage\":\"es\",\"@id\":\"https:\/\/www.genverde.it\/es\/#\/schema\/logo\/image\/\",\"url\":\"https:\/\/www.genverde.it\/wp-content\/uploads\/2021\/05\/logo-gen-verde-black.png\",\"contentUrl\":\"https:\/\/www.genverde.it\/wp-content\/uploads\/2021\/05\/logo-gen-verde-black.png\",\"width\":646,\"height\":392,\"caption\":\"Gen Verde\"},\"image\":{\"@id\":\"https:\/\/www.genverde.it\/es\/#\/schema\/logo\/image\/\"}}]}<\/script>\n<!-- \/ Yoast SEO plugin. -->","yoast_head_json":{"title":"Cont\u00e1ctanos | Gen Verde","description":"Para cualquier informaci\u00f3n, duda o simplemente para saber m\u00e1s sobre Gen Verde, no dudes en contactarnos a trav\u00e9s de nuestro m\u00f3dulo.","robots":{"index":"index","follow":"follow","max-snippet":"max-snippet:-1","max-image-preview":"max-image-preview:large","max-video-preview":"max-video-preview:-1"},"canonical":"https:\/\/www.genverde.it\/es\/contactos\/","og_locale":"es_ES","og_type":"article","og_title":"Cont\u00e1ctanos | Gen Verde","og_description":"Para cualquier informaci\u00f3n, duda o simplemente para saber m\u00e1s sobre Gen Verde, no dudes en contactarnos a trav\u00e9s de nuestro m\u00f3dulo.","og_url":"https:\/\/www.genverde.it\/es\/contactos\/","og_site_name":"Gen Verde","article_modified_time":"2024-05-16T08:14:49+00:00","og_image":[{"width":1920,"height":1100,"url":"https:\/\/www.genverde.it\/wp-content\/uploads\/2021\/06\/gen-verde-group-home.jpg","type":"image\/jpeg"}],"twitter_card":"summary_large_image","twitter_misc":{"Tiempo de lectura":"1 minuto"},"schema":{"@context":"https:\/\/schema.org","@graph":[{"@type":"WebPage","@id":"https:\/\/www.genverde.it\/es\/contactos\/","url":"https:\/\/www.genverde.it\/es\/contactos\/","name":"Cont\u00e1ctanos | Gen Verde","isPartOf":{"@id":"https:\/\/www.genverde.it\/es\/#website"},"datePublished":"2021-05-07T15:15:56+00:00","dateModified":"2024-05-16T08:14:49+00:00","description":"Para cualquier informaci\u00f3n, duda o simplemente para saber m\u00e1s sobre Gen Verde, no dudes en contactarnos a trav\u00e9s de nuestro m\u00f3dulo.","breadcrumb":{"@id":"https:\/\/www.genverde.it\/es\/contactos\/#breadcrumb"},"inLanguage":"es","potentialAction":[{"@type":"ReadAction","target":["https:\/\/www.genverde.it\/es\/contactos\/"]}]},{"@type":"BreadcrumbList","@id":"https:\/\/www.genverde.it\/es\/contactos\/#breadcrumb","itemListElement":[{"@type":"ListItem","position":1,"name":"Home","item":"https:\/\/www.genverde.it\/es\/"},{"@type":"ListItem","position":2,"name":"Contactos"}]},{"@type":"WebSite","@id":"https:\/\/www.genverde.it\/es\/#website","url":"https:\/\/www.genverde.it\/es\/","name":"Gen Verde","description":"","publisher":{"@id":"https:\/\/www.genverde.it\/es\/#organization"},"potentialAction":[{"@type":"SearchAction","target":{"@type":"EntryPoint","urlTemplate":"https:\/\/www.genverde.it\/es\/?s={search_term_string}"},"query-input":"required name=search_term_string"}],"inLanguage":"es"},{"@type":"Organization","@id":"https:\/\/www.genverde.it\/es\/#organization","name":"Gen Verde","url":"https:\/\/www.genverde.it\/es\/","logo":{"@type":"ImageObject","inLanguage":"es","@id":"https:\/\/www.genverde.it\/es\/#\/schema\/logo\/image\/","url":"https:\/\/www.genverde.it\/wp-content\/uploads\/2021\/05\/logo-gen-verde-black.png","contentUrl":"https:\/\/www.genverde.it\/wp-content\/uploads\/2021\/05\/logo-gen-verde-black.png","width":646,"height":392,"caption":"Gen Verde"},"image":{"@id":"https:\/\/www.genverde.it\/es\/#\/schema\/logo\/image\/"}}]}},"_links":{"self":[{"href":"https:\/\/www.genverde.it\/es\/wp-json\/wp\/v2\/pages\/5037"}],"collection":[{"href":"https:\/\/www.genverde.it\/es\/wp-json\/wp\/v2\/pages"}],"about":[{"href":"https:\/\/www.genverde.it\/es\/wp-json\/wp\/v2\/types\/page"}],"author":[{"embeddable":true,"href":"https:\/\/www.genverde.it\/es\/wp-json\/wp\/v2\/users\/3"}],"replies":[{"embeddable":true,"href":"https:\/\/www.genverde.it\/es\/wp-json\/wp\/v2\/comments?post=5037"}],"version-history":[{"count":12,"href":"https:\/\/www.genverde.it\/es\/wp-json\/wp\/v2\/pages\/5037\/revisions"}],"predecessor-version":[{"id":32516,"href":"https:\/\/www.genverde.it\/es\/wp-json\/wp\/v2\/pages\/5037\/revisions\/32516"}],"wp:featuredmedia":[{"embeddable":true,"href":"https:\/\/www.genverde.it\/es\/wp-json\/wp\/v2\/media\/5038"}],"wp:attachment":[{"href":"https:\/\/www.genverde.it\/es\/wp-json\/wp\/v2\/media?parent=5037"}],"curies":[{"name":"wp","href":"https:\/\/api.w.org\/{rel}","templated":true}]}}