{"id":5287,"date":"2021-05-27T11:24:15","date_gmt":"2021-05-27T09:24:15","guid":{"rendered":"https:\/\/www.genverde.it\/en-concierto\/"},"modified":"2022-08-11T11:41:45","modified_gmt":"2022-08-11T09:41:45","slug":"en-concierto","status":"publish","type":"page","link":"https:\/\/www.genverde.it\/es\/en-concierto\/","title":{"rendered":"Gen Verde in Concert"},"content":{"rendered":"","protected":false},"excerpt":{"rendered":"","protected":false},"author":3,"featured_media":0,"parent":0,"menu_order":0,"comment_status":"closed","ping_status":"closed","template":"","meta":[],"blocksy_meta":{"styles_descriptor":{"styles":{"desktop":"","tablet":"","mobile":""},"google_fonts":[]}},"featured_image_urls":{"full":"","thumbnail":"","medium":"","medium_large":"","large":"","1536x1536":"","2048x2048":""},"post_excerpt_stackable":"","category_list":"","author_info":{"name":"mavida","url":"https:\/\/www.genverde.it\/es\/author\/mavida\/"},"comments_num":"0 comentarios","yoast_head":"<!-- This site is optimized with the Yoast SEO plugin v20.10 - https:\/\/yoast.com\/wordpress\/plugins\/seo\/ -->\n<title>Participa a los conciertos, espect\u00e1culos en directo y entradas - Gen Verde<\/title>\n<meta name=\"description\" content=\"Descubre todos los espect\u00e1culos organizados por Gen Verde, compra las entradas de los conciertos y disfruta en directo de una experiencia musical \u00fanica.\" \/>\n<meta name=\"robots\" content=\"noindex, nofollow\" \/>\n<meta property=\"og:locale\" content=\"es_ES\" \/>\n<meta property=\"og:type\" content=\"article\" \/>\n<meta property=\"og:title\" content=\"Participa a los conciertos, espect\u00e1culos en directo y entradas - Gen Verde\" \/>\n<meta property=\"og:description\" content=\"Descubre todos los espect\u00e1culos organizados por Gen Verde, compra las entradas de los conciertos y disfruta en directo de una experiencia musical \u00fanica.\" \/>\n<meta property=\"og:url\" content=\"https:\/\/www.genverde.it\/es\/en-concierto\/\" \/>\n<meta property=\"og:site_name\" content=\"Gen Verde\" \/>\n<meta property=\"article:modified_time\" content=\"2022-08-11T09:41:45+00:00\" \/>\n<meta property=\"og:image\" content=\"https:\/\/www.genverde.it\/wp-content\/uploads\/2021\/06\/logo-gen-verde-semplice.png\" \/>\n\t<meta property=\"og:image:width\" content=\"646\" \/>\n\t<meta property=\"og:image:height\" content=\"237\" \/>\n\t<meta property=\"og:image:type\" content=\"image\/png\" \/>\n<meta name=\"twitter:card\" content=\"summary_large_image\" \/>\n<script type=\"application\/ld+json\" class=\"yoast-schema-graph\">{\"@context\":\"https:\/\/schema.org\",\"@graph\":[{\"@type\":\"WebPage\",\"@id\":\"https:\/\/www.genverde.it\/es\/en-concierto\/\",\"url\":\"https:\/\/www.genverde.it\/es\/en-concierto\/\",\"name\":\"Participa a los conciertos, espect\u00e1culos en directo y entradas - Gen Verde\",\"isPartOf\":{\"@id\":\"https:\/\/www.genverde.it\/es\/#website\"},\"datePublished\":\"2021-05-27T09:24:15+00:00\",\"dateModified\":\"2022-08-11T09:41:45+00:00\",\"description\":\"Descubre todos los espect\u00e1culos organizados por Gen Verde, compra las entradas de los conciertos y disfruta en directo de una experiencia musical \u00fanica.\",\"breadcrumb\":{\"@id\":\"https:\/\/www.genverde.it\/es\/en-concierto\/#breadcrumb\"},\"inLanguage\":\"es\",\"potentialAction\":[{\"@type\":\"ReadAction\",\"target\":[\"https:\/\/www.genverde.it\/es\/en-concierto\/\"]}]},{\"@type\":\"BreadcrumbList\",\"@id\":\"https:\/\/www.genverde.it\/es\/en-concierto\/#breadcrumb\",\"itemListElement\":[{\"@type\":\"ListItem\",\"position\":1,\"name\":\"Home\",\"item\":\"https:\/\/www.genverde.it\/es\/\"},{\"@type\":\"ListItem\",\"position\":2,\"name\":\"Gen Verde in Concert\"}]},{\"@type\":\"WebSite\",\"@id\":\"https:\/\/www.genverde.it\/es\/#website\",\"url\":\"https:\/\/www.genverde.it\/es\/\",\"name\":\"Gen Verde\",\"description\":\"\",\"publisher\":{\"@id\":\"https:\/\/www.genverde.it\/es\/#organization\"},\"potentialAction\":[{\"@type\":\"SearchAction\",\"target\":{\"@type\":\"EntryPoint\",\"urlTemplate\":\"https:\/\/www.genverde.it\/es\/?s={search_term_string}\"},\"query-input\":\"required name=search_term_string\"}],\"inLanguage\":\"es\"},{\"@type\":\"Organization\",\"@id\":\"https:\/\/www.genverde.it\/es\/#organization\",\"name\":\"Gen Verde\",\"url\":\"https:\/\/www.genverde.it\/es\/\",\"logo\":{\"@type\":\"ImageObject\",\"inLanguage\":\"es\",\"@id\":\"https:\/\/www.genverde.it\/es\/#\/schema\/logo\/image\/\",\"url\":\"https:\/\/www.genverde.it\/wp-content\/uploads\/2021\/05\/logo-gen-verde-black.png\",\"contentUrl\":\"https:\/\/www.genverde.it\/wp-content\/uploads\/2021\/05\/logo-gen-verde-black.png\",\"width\":646,\"height\":392,\"caption\":\"Gen Verde\"},\"image\":{\"@id\":\"https:\/\/www.genverde.it\/es\/#\/schema\/logo\/image\/\"}}]}<\/script>\n<!-- \/ Yoast SEO plugin. -->","yoast_head_json":{"title":"Participa a los conciertos, espect\u00e1culos en directo y entradas - Gen Verde","description":"Descubre todos los espect\u00e1culos organizados por Gen Verde, compra las entradas de los conciertos y disfruta en directo de una experiencia musical \u00fanica.","robots":{"index":"noindex","follow":"nofollow"},"og_locale":"es_ES","og_type":"article","og_title":"Participa a los conciertos, espect\u00e1culos en directo y entradas - Gen Verde","og_description":"Descubre todos los espect\u00e1culos organizados por Gen Verde, compra las entradas de los conciertos y disfruta en directo de una experiencia musical \u00fanica.","og_url":"https:\/\/www.genverde.it\/es\/en-concierto\/","og_site_name":"Gen Verde","article_modified_time":"2022-08-11T09:41:45+00:00","og_image":[{"width":646,"height":237,"url":"https:\/\/www.genverde.it\/wp-content\/uploads\/2021\/06\/logo-gen-verde-semplice.png","type":"image\/png"}],"twitter_card":"summary_large_image","schema":{"@context":"https:\/\/schema.org","@graph":[{"@type":"WebPage","@id":"https:\/\/www.genverde.it\/es\/en-concierto\/","url":"https:\/\/www.genverde.it\/es\/en-concierto\/","name":"Participa a los conciertos, espect\u00e1culos en directo y entradas - Gen Verde","isPartOf":{"@id":"https:\/\/www.genverde.it\/es\/#website"},"datePublished":"2021-05-27T09:24:15+00:00","dateModified":"2022-08-11T09:41:45+00:00","description":"Descubre todos los espect\u00e1culos organizados por Gen Verde, compra las entradas de los conciertos y disfruta en directo de una experiencia musical \u00fanica.","breadcrumb":{"@id":"https:\/\/www.genverde.it\/es\/en-concierto\/#breadcrumb"},"inLanguage":"es","potentialAction":[{"@type":"ReadAction","target":["https:\/\/www.genverde.it\/es\/en-concierto\/"]}]},{"@type":"BreadcrumbList","@id":"https:\/\/www.genverde.it\/es\/en-concierto\/#breadcrumb","itemListElement":[{"@type":"ListItem","position":1,"name":"Home","item":"https:\/\/www.genverde.it\/es\/"},{"@type":"ListItem","position":2,"name":"Gen Verde in Concert"}]},{"@type":"WebSite","@id":"https:\/\/www.genverde.it\/es\/#website","url":"https:\/\/www.genverde.it\/es\/","name":"Gen Verde","description":"","publisher":{"@id":"https:\/\/www.genverde.it\/es\/#organization"},"potentialAction":[{"@type":"SearchAction","target":{"@type":"EntryPoint","urlTemplate":"https:\/\/www.genverde.it\/es\/?s={search_term_string}"},"query-input":"required name=search_term_string"}],"inLanguage":"es"},{"@type":"Organization","@id":"https:\/\/www.genverde.it\/es\/#organization","name":"Gen Verde","url":"https:\/\/www.genverde.it\/es\/","logo":{"@type":"ImageObject","inLanguage":"es","@id":"https:\/\/www.genverde.it\/es\/#\/schema\/logo\/image\/","url":"https:\/\/www.genverde.it\/wp-content\/uploads\/2021\/05\/logo-gen-verde-black.png","contentUrl":"https:\/\/www.genverde.it\/wp-content\/uploads\/2021\/05\/logo-gen-verde-black.png","width":646,"height":392,"caption":"Gen Verde"},"image":{"@id":"https:\/\/www.genverde.it\/es\/#\/schema\/logo\/image\/"}}]}},"_links":{"self":[{"href":"https:\/\/www.genverde.it\/es\/wp-json\/wp\/v2\/pages\/5287"}],"collection":[{"href":"https:\/\/www.genverde.it\/es\/wp-json\/wp\/v2\/pages"}],"about":[{"href":"https:\/\/www.genverde.it\/es\/wp-json\/wp\/v2\/types\/page"}],"author":[{"embeddable":true,"href":"https:\/\/www.genverde.it\/es\/wp-json\/wp\/v2\/users\/3"}],"replies":[{"embeddable":true,"href":"https:\/\/www.genverde.it\/es\/wp-json\/wp\/v2\/comments?post=5287"}],"version-history":[{"count":2,"href":"https:\/\/www.genverde.it\/es\/wp-json\/wp\/v2\/pages\/5287\/revisions"}],"predecessor-version":[{"id":23670,"href":"https:\/\/www.genverde.it\/es\/wp-json\/wp\/v2\/pages\/5287\/revisions\/23670"}],"wp:attachment":[{"href":"https:\/\/www.genverde.it\/es\/wp-json\/wp\/v2\/media?parent=5287"}],"curies":[{"name":"wp","href":"https:\/\/api.w.org\/{rel}","templated":true}]}}