{"id":17317,"date":"2021-12-10T08:54:26","date_gmt":"2021-12-10T07:54:26","guid":{"rendered":"https:\/\/www.genverde.it\/?page_id=17317"},"modified":"2024-05-16T10:11:59","modified_gmt":"2024-05-16T08:11:59","slug":"doacao","status":"publish","type":"page","link":"https:\/\/www.genverde.it\/pt\/doacao\/","title":{"rendered":"Doa\u00e7\u00e3o"},"content":{"rendered":"\n<h2 class=\"has-large-font-size\">Por que doar para o Gen Verde?<\/h2>\n\n\n\n<hr class=\"wp-block-separator has-text-color has-palette-color-2-color has-css-opacity has-palette-color-2-background-color has-background\"\/>\n\n\n\n<p class=\"has-text-align-left\">O Gen Verde, com a sua m\u00fasica rica de acentos e tons multiculturais, quer promover a fraternidade universal e favorecer o di\u00e1logo entre as diferentes culturas e religi\u00f5es. Acreditamos no valor de cada pessoa e a nossa inten\u00e7\u00e3o \u00e9 incentivar e encorajar qualquer pessoa a descobrir e desenvolver os pr\u00f3prios talentos e descobrir outros novos. A recente situa\u00e7\u00e3o da pandemia, n\u00e3o nos deteve, pelo contr\u00e1rio foi para n\u00f3s um per\u00edodo de forte produ\u00e7\u00e3o art\u00edstica, de partilha com conex\u00f5es online e shows em streaming.<\/p>\n\n\n\n<p class=\"has-text-align-left\">Descubra mais sobre o <a href=\"https:\/\/www.genverde.it\/pt\/bio\/\" target=\"_blank\" rel=\"noreferrer noopener\">Gen Verde<\/a> e <a href=\"https:\/\/www.genverde.it\/pt\/tour\/\" target=\"_blank\" rel=\"noreferrer noopener\">nossos shows<\/a>.<\/p>\n\n\n\n<h2 class=\"has-large-font-size\">A sua doa\u00e7\u00e3o \u00e9 preciosa<\/h2>\n\n\n\n<p>Gostar\u00edamos de continuar a alcan\u00e7ar sempre mais lugares e pessoas. Voc\u00ea quer nos ajudar? Voc\u00ea pode, doando. Isso nos permitir\u00e1 continuar a realizar nossos projetos.<\/p>\n\n\n\n<h2 class=\"has-large-font-size\">Selecione um valor de doa\u00e7\u00e3o<\/h2>\n\n\n<p class=\"p1\"><style type=\"text\/css\">\r\n    .wpsd-master-wrapper {\r\n        background-color: #FFFFFF;\r\n        width: 100% !important;\r\n        border: 0px solid #DDDDDD;\r\n        border-radius: 8px;\r\n        padding: 0px 0px 0px 0px;\r\n    }\r\n    .wpsd-master-wrapper h3.wpsd-form-title,\r\n    .wpsd-form-description,\r\n    .wpsd-master-wrapper .wpsd-wrapper-content .wpsd-donation-form-label {\r\n        color: #383838;\r\n    }\r\n    .wpsd-master-wrapper .wpsd-wrapper-content {\r\n        padding: 30px 0 0 0 !important;\r\n    }\r\n    \/** amount label *\/\r\n    .wpsd-master-wrapper .wpsd-wrapper-content ul#wpsd_donate_amount li.amount,\r\n    .wpsd-master-wrapper .wpsd-wrapper-content ul#wpsd_donate_amount li.wpsd_donate_amount_other_li,\r\n    .wpsd-address-country .selectize-input {\r\n        border: 1px solid #DDDDDD;\r\n        background-color: #FFFFFF;\r\n        color: #999;\r\n    }\r\n    .wpsd-master-wrapper .wpsd-wrapper-content #wpsd-donation-form-id #wpsd_donate_other_amount {\r\n        background-color: #FFFFFF;\r\n    }\r\n    .wpsd-master-wrapper .wpsd-wrapper-content ul#wpsd_donate_amount li.amount:hover {\r\n        background-color: #999;\r\n    }\r\n    .wpsd-master-wrapper .wpsd-wrapper-content ul#wpsd_donate_amount li.amount label {\r\n        color: #999;\r\n    }\r\n    .wpsd-master-wrapper .wpsd-wrapper-content ul#wpsd_donate_amount li.amount label:hover {\r\n        color: #FFFFFF;\r\n    }\r\n    .wpsd-master-wrapper .wpsd-wrapper-content .wpsd-text-field,\r\n    #card-element {\r\n        background-color: #FFFFFF;\r\n        border: 1px solid #DDDDDD;\r\n        border-radius: 0px;\r\n        padding: 10px 0px 10px 10px;\r\n        color: #999;\r\n        font-size: 13px;\r\n    }\r\n    .ElementsApp input {\r\n        font-size: 13px!important;\r\n    }\r\n    .wpsd-master-wrapper .wpsd-wrapper-content .wpsd-text-field::placeholder,\r\n    .wpsd-master-wrapper .wpsd-wrapper-content .wpsd_donate_other_amount::placeholder,\r\n    .selectize-dropdown [data-selectable].option,\r\n    .selectize-input > input { \/* Chrome, Firefox, Opera, Safari 10.1+ *\/\r\n        color: #999!important;\r\n        opacity: 1; \/* Firefox *\/\r\n    }\r\n    .wpsd-master-wrapper .wpsd-wrapper-content .wpsd-donate-button {\r\n        width: 100% !important;\r\n        background-color: #009900 !important;\r\n        color: #FFFFFF!important;\r\n        font-size: 16px;\r\n        line-height: 26px;\r\n    }\r\n    .wpsd-master-wrapper .wpsd-wrapper-content .wpsd-donate-button:hover {\r\n        background: #FFFFFF!important;\r\n        color: #111111!important;\r\n    }\r\n    .wpsd-form-item-half-left,\r\n    .wpsd-form-item-half-right {\r\n        width: 50%;\r\n        float: left;\r\n    }\r\n    .wpsd-form-item-half-left {\r\n        padding-right: 5px;\r\n    }\r\n    .wpsd-form-item-half-right {\r\n        padding-left: 5px;\r\n    }\r\n<\/style><div class=\"wpsd-master-wrapper wpsd-template-0\" id=\"wpsd-wrap-all\">\r\n\r\n    <div id=\"wpsd-pageloader\">\r\n        <img src=\"https:\/\/www.genverde.it\/wp-content\/plugins\/wp-stripe-donation-premium\/assets\/img\/loader.gif\" alt=\"Processing\" \/>\r\n    <\/div>\r\n    \r\n    \r\n    <!-- Main Form -->\r\n    <div class=\"wpsd-wrapper-content\">\r\n\r\n        <form action=\"\" method=\"POST\" id=\"wpsd-donation-form-id\" autocomplete=\"off\">\r\n            \r\n            <ul id=\"wpsd_donate_amount\">\r\n                                            <li class=\"amount\" data-amount=\"5\">\r\n                                <div class=\"form-group\">\r\n                                    <label for=\"amount_5\">5<\/label>\r\n                                <\/div>\r\n                            <\/li>\r\n                                                        <li class=\"amount\" data-amount=\"10\">\r\n                                <div class=\"form-group\">\r\n                                    <label for=\"amount_10\">10<\/label>\r\n                                <\/div>\r\n                            <\/li>\r\n                                                        <li class=\"amount\" data-amount=\"25\">\r\n                                <div class=\"form-group\">\r\n                                    <label for=\"amount_25\">25<\/label>\r\n                                <\/div>\r\n                            <\/li>\r\n                                                        <li class=\"amount\" data-amount=\"50\">\r\n                                <div class=\"form-group\">\r\n                                    <label for=\"amount_50\">50<\/label>\r\n                                <\/div>\r\n                            <\/li>\r\n                                                        <li class=\"amount\" data-amount=\"100\">\r\n                                <div class=\"form-group\">\r\n                                    <label for=\"amount_100\">100<\/label>\r\n                                <\/div>\r\n                            <\/li>\r\n                                                <li>\r\n                        <div class=\"form-group\">Other amount:<\/div>\r\n                    <\/li>\r\n                                    <li class=\"wpsd_donate_amount_other_li\">\r\n                    <div class=\"form-group\">\r\n                        <input id=\"wpsd_donate_other_amount\" type=\"text\" class=\"wpsd_donate_other_amount\"\r\n                            name=\"wpsd_donate_other_amount\" placeholder=\"Amount (\u20ac)\"> EUR&nbsp;<span class=\"required-sign\">*<\/span>\r\n                    <\/div>\r\n                <\/li>\r\n            <\/ul>\r\n\r\n                            <input type=\"hidden\" name=\"wpsd_donation_for\" id=\"wpsd_donation_for\" value=\"Support Gen Verde\" >\r\n                                <label for=\"wpsd_donator_name\" class=\"wpsd-donation-form-label\">Name and Last Name&nbsp;<span class=\"required-sign\">*<\/span><\/label>\r\n                            <input type=\"text\" name=\"wpsd_donator_name\" id=\"wpsd_donator_name\" class=\"wpsd-text-field\" placeholder=\"Name and Last Name\">\r\n            \r\n            <!-- Email -->\r\n                            <label for=\"wpsd_donator_email\" class=\"wpsd-donation-form-label\">E-mail&nbsp;<span class=\"required-sign\">*<\/span><\/label>\r\n                            <input type=\"email\" name=\"wpsd_donator_email\" id=\"wpsd_donator_email\" class=\"wpsd-text-field\" placeholder=\"E-mail\">\r\n            \r\n                        \r\n            \r\n            <!-- Card --->\r\n                            <label class=\"wpsd-donation-form-label\">Card Number&nbsp;<span class=\"required-sign\">*<\/span><\/label>\r\n                            <div id=\"card-element\"><\/div>\r\n            <!---card end-->\r\n\r\n                                    <label class=\"wpsd-donation-form-label wpsd-captcha-label\">Captcha&nbsp;<span class=\"required-sign\">*<\/span><\/label>\r\n                                            <label class=\"wpsd-donation-form-label\">What is&nbsp;9&nbsp;+&nbsp;4&nbsp;?<\/label>\r\n                    <input type=\"hidden\" value=\"13\" name=\"wpsd_captcha_content_check\" id=\"wpsd_captcha_content_check\">\r\n                    <input type=\"number\" min=\"2\" max=\"40\" name=\"wpsd_captcha_content\" id=\"wpsd_captcha_content\" class=\"wpsd-text-field\">\r\n                                <div id=\"card-errors\" class=\"wpsd-alert\" role=\"alert\"><\/div>\r\n            <input type=\"submit\" name=\"wpsd-donate-button\" class=\"wpsd-donate-button\" value=\"Donate\">\r\n        <\/form>\r\n        \r\n            <\/div>\r\n<\/div><\/p>\n<div align=\"center\">\n<input id=\"DonateDisable\" name=\"DonateDisable\" type=\"submit\" value=\"Donate\" onclick=\"DonateDisable();\">\n<\/div>\n<p style=\"text-indent: 25px;\"><input class=\"required\" name=\"check\" required=\"required\" type=\"checkbox\" onclick=\"Consenso();\"> Voc\u00ea consente com o tratamento dos dados fornecidos (nome, sobrenome e endere\u00e7o de e-mail) com o \u00fanico prop\u00f3sito de permitir a realiza\u00e7\u00e3o da doa\u00e7\u00e3o.<\/p>\n<p style=\"text-indent: 25px;\"><a href=\"https:\/\/www.genverde.it\/pt\/privacy-policy-doacao\/\" target=\"_blank\" rel=\"noopener\">Para mais informa\u00e7\u00f5es, consulte a pol\u00edtica de privacidade de acordo com o art. 13 do Regulamento da UE 2016\/679<\/a><\/p>\n\n\n<p>ou doar por <br><strong>TRANSFER\u00caNCIA BANC\u00c1RIA<\/strong><br>Dirigida para: <strong>Gen Verde della P.A.F.O.M.<\/strong><br>IBAN: <strong>IT75 R030 6909 6061 0000 0102647<\/strong><br>C\u00d3DIGO BIC: <strong>BCITITMM<\/strong><br>Finalidade: <strong>Contribui\u00e7\u00e3o livre<\/strong><\/p>\n\n\n\n<p><\/p>\n\n\n\n<p><\/p>\n\n\n\n<p><\/p>\n","protected":false},"excerpt":{"rendered":"<p>Por que doar para o Gen Verde? O Gen Verde, com a sua m\u00fasica rica\u2026<\/p>\n","protected":false},"author":1,"featured_media":16603,"parent":0,"menu_order":0,"comment_status":"closed","ping_status":"closed","template":"","meta":[],"blocksy_meta":{"styles_descriptor":{"styles":{"desktop":"","tablet":"","mobile":""},"google_fonts":[]}},"featured_image_urls":{"full":["https:\/\/www.genverde.it\/wp-content\/uploads\/2021\/12\/sostieni-gruppo-genverde-donazione.jpg",1920,1024,false],"thumbnail":["https:\/\/www.genverde.it\/wp-content\/uploads\/2021\/12\/sostieni-gruppo-genverde-donazione-150x150.jpg",150,150,true],"medium":["https:\/\/www.genverde.it\/wp-content\/uploads\/2021\/12\/sostieni-gruppo-genverde-donazione-300x160.jpg",300,160,true],"medium_large":["https:\/\/www.genverde.it\/wp-content\/uploads\/2021\/12\/sostieni-gruppo-genverde-donazione-768x410.jpg",768,410,true],"large":["https:\/\/www.genverde.it\/wp-content\/uploads\/2021\/12\/sostieni-gruppo-genverde-donazione-1024x546.jpg",1024,546,true],"1536x1536":["https:\/\/www.genverde.it\/wp-content\/uploads\/2021\/12\/sostieni-gruppo-genverde-donazione-1536x819.jpg",1536,819,true],"2048x2048":["https:\/\/www.genverde.it\/wp-content\/uploads\/2021\/12\/sostieni-gruppo-genverde-donazione.jpg",1920,1024,false]},"post_excerpt_stackable":"<p>Por que doar para o Gen Verde? O Gen Verde, com a sua m\u00fasica rica de acentos e tons multiculturais, quer promover a fraternidade universal e favorecer o di\u00e1logo entre as diferentes culturas e religi\u00f5es. Acreditamos no valor de cada pessoa e a nossa inten\u00e7\u00e3o \u00e9 incentivar e encorajar qualquer pessoa a descobrir e desenvolver os pr\u00f3prios talentos e descobrir outros novos. A recente situa\u00e7\u00e3o da pandemia, n\u00e3o nos deteve, pelo contr\u00e1rio foi para n\u00f3s um per\u00edodo de forte produ\u00e7\u00e3o art\u00edstica, de partilha com conex\u00f5es online e shows em streaming. Descubra mais sobre o Gen Verde e nossos shows. A&hellip;<\/p>\n","category_list":"","author_info":{"name":"domains@trizero.it","url":"https:\/\/www.genverde.it\/pt\/author\/domainstrizero-it\/"},"comments_num":"0 comments","yoast_head":"<!-- This site is optimized with the Yoast SEO plugin v20.10 - https:\/\/yoast.com\/wordpress\/plugins\/seo\/ -->\n<title>Envie uma doa\u00e7\u00e3o para o Gen Verde | Gen Verde<\/title>\n<meta name=\"description\" content=\"Fa\u00e7a uma doa\u00e7\u00e3o para o Gen Verde: apoie conosco os valores da fraternidade universal e nos ajude a divulg\u00e1-los por meio do poder da m\u00fasica.\" \/>\n<meta name=\"robots\" content=\"index, follow, max-snippet:-1, max-image-preview:large, max-video-preview:-1\" \/>\n<link rel=\"canonical\" href=\"https:\/\/www.genverde.it\/pt\/doacao\/\" \/>\n<meta property=\"og:locale\" content=\"pt_PT\" \/>\n<meta property=\"og:type\" content=\"article\" \/>\n<meta property=\"og:title\" content=\"Envie uma doa\u00e7\u00e3o para o Gen Verde | Gen Verde\" \/>\n<meta property=\"og:description\" content=\"Fa\u00e7a uma doa\u00e7\u00e3o para o Gen Verde: apoie conosco os valores da fraternidade universal e nos ajude a divulg\u00e1-los por meio do poder da m\u00fasica.\" \/>\n<meta property=\"og:url\" content=\"https:\/\/www.genverde.it\/pt\/doacao\/\" \/>\n<meta property=\"og:site_name\" content=\"Gen Verde\" \/>\n<meta property=\"article:modified_time\" content=\"2024-05-16T08:11:59+00:00\" \/>\n<meta property=\"og:image\" content=\"https:\/\/www.genverde.it\/wp-content\/uploads\/2021\/12\/sostieni-gruppo-genverde-donazione.jpg\" \/>\n\t<meta property=\"og:image:width\" content=\"1920\" \/>\n\t<meta property=\"og:image:height\" content=\"1024\" \/>\n\t<meta property=\"og:image:type\" content=\"image\/jpeg\" \/>\n<meta name=\"twitter:card\" content=\"summary_large_image\" \/>\n<meta name=\"twitter:label1\" content=\"Est. reading time\" \/>\n\t<meta name=\"twitter:data1\" content=\"2 minutes\" \/>\n<script type=\"application\/ld+json\" class=\"yoast-schema-graph\">{\"@context\":\"https:\/\/schema.org\",\"@graph\":[{\"@type\":\"WebPage\",\"@id\":\"https:\/\/www.genverde.it\/pt\/doacao\/\",\"url\":\"https:\/\/www.genverde.it\/pt\/doacao\/\",\"name\":\"Envie uma doa\u00e7\u00e3o para o Gen Verde | Gen Verde\",\"isPartOf\":{\"@id\":\"https:\/\/www.genverde.it\/pt\/#website\"},\"datePublished\":\"2021-12-10T07:54:26+00:00\",\"dateModified\":\"2024-05-16T08:11:59+00:00\",\"description\":\"Fa\u00e7a uma doa\u00e7\u00e3o para o Gen Verde: apoie conosco os valores da fraternidade universal e nos ajude a divulg\u00e1-los por meio do poder da m\u00fasica.\",\"breadcrumb\":{\"@id\":\"https:\/\/www.genverde.it\/pt\/doacao\/#breadcrumb\"},\"inLanguage\":\"pt\",\"potentialAction\":[{\"@type\":\"ReadAction\",\"target\":[\"https:\/\/www.genverde.it\/pt\/doacao\/\"]}]},{\"@type\":\"BreadcrumbList\",\"@id\":\"https:\/\/www.genverde.it\/pt\/doacao\/#breadcrumb\",\"itemListElement\":[{\"@type\":\"ListItem\",\"position\":1,\"name\":\"Home\",\"item\":\"https:\/\/www.genverde.it\/pt\/\"},{\"@type\":\"ListItem\",\"position\":2,\"name\":\"Doa\u00e7\u00e3o\"}]},{\"@type\":\"WebSite\",\"@id\":\"https:\/\/www.genverde.it\/pt\/#website\",\"url\":\"https:\/\/www.genverde.it\/pt\/\",\"name\":\"Gen Verde\",\"description\":\"\",\"publisher\":{\"@id\":\"https:\/\/www.genverde.it\/pt\/#organization\"},\"potentialAction\":[{\"@type\":\"SearchAction\",\"target\":{\"@type\":\"EntryPoint\",\"urlTemplate\":\"https:\/\/www.genverde.it\/pt\/?s={search_term_string}\"},\"query-input\":\"required name=search_term_string\"}],\"inLanguage\":\"pt\"},{\"@type\":\"Organization\",\"@id\":\"https:\/\/www.genverde.it\/pt\/#organization\",\"name\":\"Gen Verde\",\"url\":\"https:\/\/www.genverde.it\/pt\/\",\"logo\":{\"@type\":\"ImageObject\",\"inLanguage\":\"pt\",\"@id\":\"https:\/\/www.genverde.it\/pt\/#\/schema\/logo\/image\/\",\"url\":\"https:\/\/www.genverde.it\/wp-content\/uploads\/2021\/05\/logo-gen-verde-black.png\",\"contentUrl\":\"https:\/\/www.genverde.it\/wp-content\/uploads\/2021\/05\/logo-gen-verde-black.png\",\"width\":646,\"height\":392,\"caption\":\"Gen Verde\"},\"image\":{\"@id\":\"https:\/\/www.genverde.it\/pt\/#\/schema\/logo\/image\/\"}}]}<\/script>\n<!-- \/ Yoast SEO plugin. -->","yoast_head_json":{"title":"Envie uma doa\u00e7\u00e3o para o Gen Verde | Gen Verde","description":"Fa\u00e7a uma doa\u00e7\u00e3o para o Gen Verde: apoie conosco os valores da fraternidade universal e nos ajude a divulg\u00e1-los por meio do poder da m\u00fasica.","robots":{"index":"index","follow":"follow","max-snippet":"max-snippet:-1","max-image-preview":"max-image-preview:large","max-video-preview":"max-video-preview:-1"},"canonical":"https:\/\/www.genverde.it\/pt\/doacao\/","og_locale":"pt_PT","og_type":"article","og_title":"Envie uma doa\u00e7\u00e3o para o Gen Verde | Gen Verde","og_description":"Fa\u00e7a uma doa\u00e7\u00e3o para o Gen Verde: apoie conosco os valores da fraternidade universal e nos ajude a divulg\u00e1-los por meio do poder da m\u00fasica.","og_url":"https:\/\/www.genverde.it\/pt\/doacao\/","og_site_name":"Gen Verde","article_modified_time":"2024-05-16T08:11:59+00:00","og_image":[{"width":1920,"height":1024,"url":"https:\/\/www.genverde.it\/wp-content\/uploads\/2021\/12\/sostieni-gruppo-genverde-donazione.jpg","type":"image\/jpeg"}],"twitter_card":"summary_large_image","twitter_misc":{"Est. reading time":"2 minutes"},"schema":{"@context":"https:\/\/schema.org","@graph":[{"@type":"WebPage","@id":"https:\/\/www.genverde.it\/pt\/doacao\/","url":"https:\/\/www.genverde.it\/pt\/doacao\/","name":"Envie uma doa\u00e7\u00e3o para o Gen Verde | Gen Verde","isPartOf":{"@id":"https:\/\/www.genverde.it\/pt\/#website"},"datePublished":"2021-12-10T07:54:26+00:00","dateModified":"2024-05-16T08:11:59+00:00","description":"Fa\u00e7a uma doa\u00e7\u00e3o para o Gen Verde: apoie conosco os valores da fraternidade universal e nos ajude a divulg\u00e1-los por meio do poder da m\u00fasica.","breadcrumb":{"@id":"https:\/\/www.genverde.it\/pt\/doacao\/#breadcrumb"},"inLanguage":"pt","potentialAction":[{"@type":"ReadAction","target":["https:\/\/www.genverde.it\/pt\/doacao\/"]}]},{"@type":"BreadcrumbList","@id":"https:\/\/www.genverde.it\/pt\/doacao\/#breadcrumb","itemListElement":[{"@type":"ListItem","position":1,"name":"Home","item":"https:\/\/www.genverde.it\/pt\/"},{"@type":"ListItem","position":2,"name":"Doa\u00e7\u00e3o"}]},{"@type":"WebSite","@id":"https:\/\/www.genverde.it\/pt\/#website","url":"https:\/\/www.genverde.it\/pt\/","name":"Gen Verde","description":"","publisher":{"@id":"https:\/\/www.genverde.it\/pt\/#organization"},"potentialAction":[{"@type":"SearchAction","target":{"@type":"EntryPoint","urlTemplate":"https:\/\/www.genverde.it\/pt\/?s={search_term_string}"},"query-input":"required name=search_term_string"}],"inLanguage":"pt"},{"@type":"Organization","@id":"https:\/\/www.genverde.it\/pt\/#organization","name":"Gen Verde","url":"https:\/\/www.genverde.it\/pt\/","logo":{"@type":"ImageObject","inLanguage":"pt","@id":"https:\/\/www.genverde.it\/pt\/#\/schema\/logo\/image\/","url":"https:\/\/www.genverde.it\/wp-content\/uploads\/2021\/05\/logo-gen-verde-black.png","contentUrl":"https:\/\/www.genverde.it\/wp-content\/uploads\/2021\/05\/logo-gen-verde-black.png","width":646,"height":392,"caption":"Gen Verde"},"image":{"@id":"https:\/\/www.genverde.it\/pt\/#\/schema\/logo\/image\/"}}]}},"_links":{"self":[{"href":"https:\/\/www.genverde.it\/pt\/wp-json\/wp\/v2\/pages\/17317"}],"collection":[{"href":"https:\/\/www.genverde.it\/pt\/wp-json\/wp\/v2\/pages"}],"about":[{"href":"https:\/\/www.genverde.it\/pt\/wp-json\/wp\/v2\/types\/page"}],"author":[{"embeddable":true,"href":"https:\/\/www.genverde.it\/pt\/wp-json\/wp\/v2\/users\/1"}],"replies":[{"embeddable":true,"href":"https:\/\/www.genverde.it\/pt\/wp-json\/wp\/v2\/comments?post=17317"}],"version-history":[{"count":29,"href":"https:\/\/www.genverde.it\/pt\/wp-json\/wp\/v2\/pages\/17317\/revisions"}],"predecessor-version":[{"id":31054,"href":"https:\/\/www.genverde.it\/pt\/wp-json\/wp\/v2\/pages\/17317\/revisions\/31054"}],"wp:featuredmedia":[{"embeddable":true,"href":"https:\/\/www.genverde.it\/pt\/wp-json\/wp\/v2\/media\/16603"}],"wp:attachment":[{"href":"https:\/\/www.genverde.it\/pt\/wp-json\/wp\/v2\/media?parent=17317"}],"curies":[{"name":"wp","href":"https:\/\/api.w.org\/{rel}","templated":true}]}}