{"id":17322,"date":"2021-12-02T14:58:00","date_gmt":"2021-12-02T13:58:00","guid":{"rendered":"https:\/\/www.genverde.it\/wpsd-thank-you\/"},"modified":"2021-12-10T15:13:37","modified_gmt":"2021-12-10T14:13:37","slug":"wpsd-thank-you","status":"publish","type":"page","link":"https:\/\/www.genverde.it\/pt\/wpsd-thank-you\/","title":{"rendered":"Thank You"},"content":{"rendered":"\n<figure class=\"wp-block-image alignwide size-large\"><img decoding=\"async\" width=\"1024\" height=\"458\" src=\"https:\/\/www.genverde.it\/wp-content\/uploads\/2021\/12\/grazie-di-cuore-donazione-genverde_center-e1639145488287-1024x458.jpg\" alt=\"\" class=\"wp-image-16184\" srcset=\"https:\/\/www.genverde.it\/wp-content\/uploads\/2021\/12\/grazie-di-cuore-donazione-genverde_center-e1639145488287-1024x458.jpg 1024w, https:\/\/www.genverde.it\/wp-content\/uploads\/2021\/12\/grazie-di-cuore-donazione-genverde_center-e1639145488287-300x134.jpg 300w, https:\/\/www.genverde.it\/wp-content\/uploads\/2021\/12\/grazie-di-cuore-donazione-genverde_center-e1639145488287-768x344.jpg 768w, https:\/\/www.genverde.it\/wp-content\/uploads\/2021\/12\/grazie-di-cuore-donazione-genverde_center-e1639145488287-1536x687.jpg 1536w, https:\/\/www.genverde.it\/wp-content\/uploads\/2021\/12\/grazie-di-cuore-donazione-genverde_center-e1639145488287.jpg 1920w\" sizes=\"(max-width: 1024px) 100vw, 1024px\" \/><\/figure>\n<h2 style=\"text-align: center; letter-spacing: 0px; color: #96c604;\">Obrigada pela sua doa\u00e7\u00e3o!<\/h2>\n\n<hr class=\"wp-block-separator has-text-color has-background has-palette-color-2-background-color has-palette-color-2-color is-style-default\"\/>\n<p class=\"has-text-align-center\" style=\"font-size: 25px; line-height: 30px;\">A doa\u00e7\u00e3o foi enviada com sucesso! Enviamos um email de confirma\u00e7\u00e3o para o seu endere\u00e7o de email.<\/p>\n<p class=\"has-text-align-center\" style=\"font-size: 25px; line-height: 30px;\">Agradecemos a contribui\u00e7\u00e3o que quiseram dar porque nos faz sentir apoiadas para levar avante os nossos projetos.<br \/>Continue acompanhando todos os nossos eventos e shows atuais e futuros!<\/p>\n<\/p>\n<p><!-- \/wp:paragraph --><\/p>\n<p class=\"has-text-align-center\" style=\"font-size: 25px; line-height: 30px;\">Uma sauda\u00e7\u00e3o especial de todas n\u00f3s do Gen Verde!<\/p>\n<\/p>\n<p><!-- \/wp:paragraph --><\/p>\n<p><!-- wp:paragraph --><\/p>\n<p><!-- \/wp:paragraph --><\/p>\n<p><!-- wp:spacer --><\/p>\n<div class=\"wp-block-spacer\" style=\"height: 100px;\" aria-hidden=\"true\">&nbsp;<\/div>\n<p><!-- \/wp:spacer --><\/p>\n<p><!-- wp:ugb\/button {\"borderRadius\":0,\"button1Design\":\"basic\",\"button1Size\":\"large\",\"button1TextColor\":\"var(\\u002d\\u002dpaletteColor3, #181a1a)\",\"button1BackgroundColor\":\"var(\\u002d\\u002dpaletteColor2, #96c600)\",\"button1HoverEffect\":\"lift\",\"button1Opacity\":1,\"button1PaddingRight\":69,\"button1PaddingLeft\":69,\"button1BorderRadius\":0,\"button1Shadow\":0,\"uniqueClass\":\"ugb-ab0aa08\",\"blockZIndex\":10,\"marginTop\":-20,\"marginBottom\":70,\"blockHeight\":0,\"blockWidth\":2500,\"blockVerticalAlign\":\"center\",\"blockHorizontalAlign\":\"center\"} --><\/p>\n<div class=\"wp-block-ugb-button ugb-button-wrapper ugb-ab0aa08 ugb-main-block ugb--has-custom-content-width\">\n<style>.ugb-ab0aa08 .ugb-block-content .ugb-button{border-radius:0px}.ugb-ab0aa08 .ugb-button1{background-color:var(--paletteColor2,#96c600);padding-right:69px;padding-left:69px;opacity:1;border-radius:0px !important}.ugb-ab0aa08 .ugb-button1 .ugb-button--inner,.ugb-ab0aa08 .ugb-button1 svg:not(.ugb-custom-icon){color:var(--paletteColor3,#181a1a) !important}.ugb-ab0aa08 .ugb-button1:before{border-radius:0px !important}.ugb-ab0aa08.ugb-button-wrapper{z-index:10 !important;min-height:0px;justify-content:center;align-items:center}.ugb-ab0aa08.ugb-button-wrapper > .ugb-inner-block{max-width:2500px !important}@media screen and (min-width:768px){.ugb-ab0aa08.ugb-button-wrapper{margin-top:-20px !important;margin-bottom:70px !important}}@media screen and (-ms-high-contrast:active),screen and (-ms-high-contrast:none){.ugb-ab0aa08.ugb-button-wrapper{height:0px}}<\/style>\n<div class=\"ugb-inner-block\">\n<div class=\"ugb-block-content\">\n<div class=\"ugb-button-container\"><a class=\"ugb-button1 ugb-button ugb-button--size-large ugb--hover-effect-lift\" title=\"\" href=\"https:\/\/www.genverde.it\/pt\/\" rel=\"\"><span class=\"ugb-button--inner\"><strong>Volte \u00e0 Homepage<\/strong><\/span><\/a><\/div>\n<\/div>\n<\/div>\n<\/div>\n<p><!-- \/wp:ugb\/button --><\/p>\n","protected":false},"excerpt":{"rendered":"<p>Obrigada pela sua doa\u00e7\u00e3o! A doa\u00e7\u00e3o foi enviada com sucesso! Enviamos um email de confirma\u00e7\u00e3o\u2026<\/p>\n","protected":false},"author":1,"featured_media":0,"parent":0,"menu_order":0,"comment_status":"close","ping_status":"close","template":"","meta":[],"blocksy_meta":{"styles_descriptor":{"styles":{"desktop":"","tablet":"","mobile":""},"google_fonts":[]}},"featured_image_urls":{"full":"","thumbnail":"","medium":"","medium_large":"","large":"","1536x1536":"","2048x2048":""},"post_excerpt_stackable":"<p>Obrigada pela sua doa\u00e7\u00e3o! A doa\u00e7\u00e3o foi enviada com sucesso! Enviamos um email de confirma\u00e7\u00e3o para o seu endere\u00e7o de email. Agradecemos a contribui\u00e7\u00e3o que quiseram dar porque nos faz sentir apoiadas para levar avante os nossos projetos.Continue acompanhando todos os nossos eventos e shows atuais e futuros! Uma sauda\u00e7\u00e3o especial de todas n\u00f3s do Gen Verde! &nbsp; Volte \u00e0 Homepage<\/p>\n","category_list":"","author_info":{"name":"domains@trizero.it","url":"https:\/\/www.genverde.it\/pt\/author\/domainstrizero-it\/"},"comments_num":"0 comments","yoast_head":"<!-- This site is optimized with the Yoast SEO plugin v20.10 - https:\/\/yoast.com\/wordpress\/plugins\/seo\/ -->\n<title>Thank You<\/title>\n<meta name=\"robots\" content=\"index, follow, max-snippet:-1, max-image-preview:large, max-video-preview:-1\" \/>\n<link rel=\"canonical\" href=\"https:\/\/www.genverde.it\/pt\/wpsd-thank-you\/\" \/>\n<meta property=\"og:locale\" content=\"pt_PT\" \/>\n<meta property=\"og:type\" content=\"article\" \/>\n<meta property=\"og:title\" content=\"Thank You\" \/>\n<meta property=\"og:description\" content=\"Obrigada pela sua doa\u00e7\u00e3o! A doa\u00e7\u00e3o foi enviada com sucesso! Enviamos um email de confirma\u00e7\u00e3o\u2026\" \/>\n<meta property=\"og:url\" content=\"https:\/\/www.genverde.it\/pt\/wpsd-thank-you\/\" \/>\n<meta property=\"og:site_name\" content=\"Gen Verde\" \/>\n<meta property=\"article:modified_time\" content=\"2021-12-10T14:13:37+00:00\" \/>\n<meta property=\"og:image\" content=\"https:\/\/www.genverde.it\/wp-content\/uploads\/2021\/12\/grazie-di-cuore-donazione-genverde_center-e1639145488287-1024x458.jpg\" \/>\n<meta name=\"twitter:card\" content=\"summary_large_image\" \/>\n<script type=\"application\/ld+json\" class=\"yoast-schema-graph\">{\"@context\":\"https:\/\/schema.org\",\"@graph\":[{\"@type\":\"WebPage\",\"@id\":\"https:\/\/www.genverde.it\/pt\/wpsd-thank-you\/\",\"url\":\"https:\/\/www.genverde.it\/pt\/wpsd-thank-you\/\",\"name\":\"Thank You\",\"isPartOf\":{\"@id\":\"https:\/\/www.genverde.it\/pt\/#website\"},\"datePublished\":\"2021-12-02T13:58:00+00:00\",\"dateModified\":\"2021-12-10T14:13:37+00:00\",\"breadcrumb\":{\"@id\":\"https:\/\/www.genverde.it\/pt\/wpsd-thank-you\/#breadcrumb\"},\"inLanguage\":\"pt\",\"potentialAction\":[{\"@type\":\"ReadAction\",\"target\":[\"https:\/\/www.genverde.it\/pt\/wpsd-thank-you\/\"]}]},{\"@type\":\"BreadcrumbList\",\"@id\":\"https:\/\/www.genverde.it\/pt\/wpsd-thank-you\/#breadcrumb\",\"itemListElement\":[{\"@type\":\"ListItem\",\"position\":1,\"name\":\"Home\",\"item\":\"https:\/\/www.genverde.it\/pt\/\"},{\"@type\":\"ListItem\",\"position\":2,\"name\":\"Thank You\"}]},{\"@type\":\"WebSite\",\"@id\":\"https:\/\/www.genverde.it\/pt\/#website\",\"url\":\"https:\/\/www.genverde.it\/pt\/\",\"name\":\"Gen Verde\",\"description\":\"\",\"publisher\":{\"@id\":\"https:\/\/www.genverde.it\/pt\/#organization\"},\"potentialAction\":[{\"@type\":\"SearchAction\",\"target\":{\"@type\":\"EntryPoint\",\"urlTemplate\":\"https:\/\/www.genverde.it\/pt\/?s={search_term_string}\"},\"query-input\":\"required name=search_term_string\"}],\"inLanguage\":\"pt\"},{\"@type\":\"Organization\",\"@id\":\"https:\/\/www.genverde.it\/pt\/#organization\",\"name\":\"Gen Verde\",\"url\":\"https:\/\/www.genverde.it\/pt\/\",\"logo\":{\"@type\":\"ImageObject\",\"inLanguage\":\"pt\",\"@id\":\"https:\/\/www.genverde.it\/pt\/#\/schema\/logo\/image\/\",\"url\":\"https:\/\/www.genverde.it\/wp-content\/uploads\/2021\/05\/logo-gen-verde-black.png\",\"contentUrl\":\"https:\/\/www.genverde.it\/wp-content\/uploads\/2021\/05\/logo-gen-verde-black.png\",\"width\":646,\"height\":392,\"caption\":\"Gen Verde\"},\"image\":{\"@id\":\"https:\/\/www.genverde.it\/pt\/#\/schema\/logo\/image\/\"}}]}<\/script>\n<!-- \/ Yoast SEO plugin. -->","yoast_head_json":{"title":"Thank You","robots":{"index":"index","follow":"follow","max-snippet":"max-snippet:-1","max-image-preview":"max-image-preview:large","max-video-preview":"max-video-preview:-1"},"canonical":"https:\/\/www.genverde.it\/pt\/wpsd-thank-you\/","og_locale":"pt_PT","og_type":"article","og_title":"Thank You","og_description":"Obrigada pela sua doa\u00e7\u00e3o! A doa\u00e7\u00e3o foi enviada com sucesso! Enviamos um email de confirma\u00e7\u00e3o\u2026","og_url":"https:\/\/www.genverde.it\/pt\/wpsd-thank-you\/","og_site_name":"Gen Verde","article_modified_time":"2021-12-10T14:13:37+00:00","og_image":[{"url":"https:\/\/www.genverde.it\/wp-content\/uploads\/2021\/12\/grazie-di-cuore-donazione-genverde_center-e1639145488287-1024x458.jpg"}],"twitter_card":"summary_large_image","schema":{"@context":"https:\/\/schema.org","@graph":[{"@type":"WebPage","@id":"https:\/\/www.genverde.it\/pt\/wpsd-thank-you\/","url":"https:\/\/www.genverde.it\/pt\/wpsd-thank-you\/","name":"Thank You","isPartOf":{"@id":"https:\/\/www.genverde.it\/pt\/#website"},"datePublished":"2021-12-02T13:58:00+00:00","dateModified":"2021-12-10T14:13:37+00:00","breadcrumb":{"@id":"https:\/\/www.genverde.it\/pt\/wpsd-thank-you\/#breadcrumb"},"inLanguage":"pt","potentialAction":[{"@type":"ReadAction","target":["https:\/\/www.genverde.it\/pt\/wpsd-thank-you\/"]}]},{"@type":"BreadcrumbList","@id":"https:\/\/www.genverde.it\/pt\/wpsd-thank-you\/#breadcrumb","itemListElement":[{"@type":"ListItem","position":1,"name":"Home","item":"https:\/\/www.genverde.it\/pt\/"},{"@type":"ListItem","position":2,"name":"Thank You"}]},{"@type":"WebSite","@id":"https:\/\/www.genverde.it\/pt\/#website","url":"https:\/\/www.genverde.it\/pt\/","name":"Gen Verde","description":"","publisher":{"@id":"https:\/\/www.genverde.it\/pt\/#organization"},"potentialAction":[{"@type":"SearchAction","target":{"@type":"EntryPoint","urlTemplate":"https:\/\/www.genverde.it\/pt\/?s={search_term_string}"},"query-input":"required name=search_term_string"}],"inLanguage":"pt"},{"@type":"Organization","@id":"https:\/\/www.genverde.it\/pt\/#organization","name":"Gen Verde","url":"https:\/\/www.genverde.it\/pt\/","logo":{"@type":"ImageObject","inLanguage":"pt","@id":"https:\/\/www.genverde.it\/pt\/#\/schema\/logo\/image\/","url":"https:\/\/www.genverde.it\/wp-content\/uploads\/2021\/05\/logo-gen-verde-black.png","contentUrl":"https:\/\/www.genverde.it\/wp-content\/uploads\/2021\/05\/logo-gen-verde-black.png","width":646,"height":392,"caption":"Gen Verde"},"image":{"@id":"https:\/\/www.genverde.it\/pt\/#\/schema\/logo\/image\/"}}]}},"_links":{"self":[{"href":"https:\/\/www.genverde.it\/pt\/wp-json\/wp\/v2\/pages\/17322"}],"collection":[{"href":"https:\/\/www.genverde.it\/pt\/wp-json\/wp\/v2\/pages"}],"about":[{"href":"https:\/\/www.genverde.it\/pt\/wp-json\/wp\/v2\/types\/page"}],"author":[{"embeddable":true,"href":"https:\/\/www.genverde.it\/pt\/wp-json\/wp\/v2\/users\/1"}],"replies":[{"embeddable":true,"href":"https:\/\/www.genverde.it\/pt\/wp-json\/wp\/v2\/comments?post=17322"}],"version-history":[{"count":8,"href":"https:\/\/www.genverde.it\/pt\/wp-json\/wp\/v2\/pages\/17322\/revisions"}],"predecessor-version":[{"id":17643,"href":"https:\/\/www.genverde.it\/pt\/wp-json\/wp\/v2\/pages\/17322\/revisions\/17643"}],"wp:attachment":[{"href":"https:\/\/www.genverde.it\/pt\/wp-json\/wp\/v2\/media?parent=17322"}],"curies":[{"name":"wp","href":"https:\/\/api.w.org\/{rel}","templated":true}]}}