{"id":27036,"date":"2022-12-01T15:40:28","date_gmt":"2022-12-01T14:40:28","guid":{"rendered":"https:\/\/www.genverde.it\/assine-a-newsletter\/"},"modified":"2022-12-22T12:25:31","modified_gmt":"2022-12-22T11:25:31","slug":"inscreva-se-ao-newsletter","status":"publish","type":"page","link":"https:\/\/www.genverde.it\/pt\/inscreva-se-ao-newsletter\/","title":{"rendered":"Inscreva-se ao newsletter"},"content":{"rendered":"\n<div class=\"is-layout-flex wp-container-5 wp-block-columns\">\n<div class=\"is-layout-flow wp-block-column\">\n<div class=\"is-layout-flex wp-container-3 wp-block-columns\">\n<div class=\"is-layout-flow wp-block-column\">\n<div class=\"wp-block-ugb-icon ugb-icon ugb-73f2793 ugb-icon--v2 ugb-icon--design-basic ugb-main-block\"><style>.ugb-73f2793{justify-content:flex-start !important}.ugb-73f2793 .ugb-icon__icon .ugb-icon-inner-svg,.ugb-73f2793 .ugb-icon__icon .ugb-icon-inner-svg svg{width:30px !important;height:30px !important}.ugb-73f2793 .ugb-inner-block{text-align:left}<\/style><div class=\"ugb-inner-block\"><div class=\"ugb-block-content\"><div class=\"ugb-icon__content-wrapper\"><div class=\"ugb-icon__item ugb-icon__item1\"><div class=\"ugb-icon__icon\"><div class=\"ugb-icon-inner-svg\"><svg data-prefix=\"fas\" data-icon=\"envelope-open-text\" class=\"svg-inline--fa fa-envelope-open-text fa-w-16\" role=\"img\" xmlns=\"http:\/\/www.w3.org\/2000\/svg\" viewbox=\"0 0 512 512\"><path fill=\"currentColor\" d=\"M176 216h160c8.84 0 16-7.16 16-16v-16c0-8.84-7.16-16-16-16H176c-8.84 0-16 7.16-16 16v16c0 8.84 7.16 16 16 16zm-16 80c0 8.84 7.16 16 16 16h160c8.84 0 16-7.16 16-16v-16c0-8.84-7.16-16-16-16H176c-8.84 0-16 7.16-16 16v16zm96 121.13c-16.42 0-32.84-5.06-46.86-15.19L0 250.86V464c0 26.51 21.49 48 48 48h416c26.51 0 48-21.49 48-48V250.86L302.86 401.94c-14.02 10.12-30.44 15.19-46.86 15.19zm237.61-254.18c-8.85-6.94-17.24-13.47-29.61-22.81V96c0-26.51-21.49-48-48-48h-77.55c-3.04-2.2-5.87-4.26-9.04-6.56C312.6 29.17 279.2-.35 256 0c-23.2-.35-56.59 29.17-73.41 41.44-3.17 2.3-6 4.36-9.04 6.56H96c-26.51 0-48 21.49-48 48v44.14c-12.37 9.33-20.76 15.87-29.61 22.81A47.995 47.995 0 0 0 0 200.72v10.65l96 69.35V96h320v184.72l96-69.35v-10.65c0-14.74-6.78-28.67-18.39-37.77z\"><\/path><\/svg><\/div><\/div><\/div><\/div><\/div><\/div><\/div>\n\n\n\n<h3 class=\"has-text-align-left\"><strong>Inscreva-se para o Newsletter do Gen Verde!<\/strong><\/h3>\n\n\n\n<p class=\"has-text-align-left\">Preencha os campos abaixo e fique por dentro das not\u00edcias e eventos do Gen Verde! <\/p>\n\n\n\n<figure class=\"wp-block-image size-large\"><img decoding=\"async\" width=\"1024\" height=\"475\" src=\"https:\/\/www.genverde.it\/wp-content\/uploads\/2022\/09\/bg-bio-gen-verde-22-1024x475.jpg\" alt=\"\" class=\"wp-image-23857\" srcset=\"https:\/\/www.genverde.it\/wp-content\/uploads\/2022\/09\/bg-bio-gen-verde-22-1024x475.jpg 1024w, https:\/\/www.genverde.it\/wp-content\/uploads\/2022\/09\/bg-bio-gen-verde-22-300x139.jpg 300w, https:\/\/www.genverde.it\/wp-content\/uploads\/2022\/09\/bg-bio-gen-verde-22-768x356.jpg 768w, https:\/\/www.genverde.it\/wp-content\/uploads\/2022\/09\/bg-bio-gen-verde-22-1536x713.jpg 1536w, https:\/\/www.genverde.it\/wp-content\/uploads\/2022\/09\/bg-bio-gen-verde-22.jpg 1920w\" sizes=\"(max-width: 1024px) 100vw, 1024px\" \/><\/figure>\n\n\n\n<div style=\"height:100px\" aria-hidden=\"true\" class=\"wp-block-spacer\"><\/div>\n<\/div>\n\n\n\n<div class=\"is-layout-flow wp-block-column\">\n<div class=\"wp-block-ugb-icon ugb-icon ugb-5a17088 ugb-icon--v2 ugb-icon--design-basic ugb-main-block\"><style>.ugb-5a17088{justify-content:flex-start !important}.ugb-5a17088 .ugb-icon__icon .ugb-icon-inner-svg,.ugb-5a17088 .ugb-icon__icon .ugb-icon-inner-svg svg{width:30px !important;height:30px !important}.ugb-5a17088 .ugb-inner-block{text-align:left}<\/style><div class=\"ugb-inner-block\"><div class=\"ugb-block-content\"><div class=\"ugb-icon__content-wrapper\"><div class=\"ugb-icon__item ugb-icon__item1\"><div class=\"ugb-icon__icon\"><div class=\"ugb-icon-inner-svg\"><svg data-prefix=\"fas\" data-icon=\"edit\" class=\"svg-inline--fa fa-edit fa-w-18\" role=\"img\" xmlns=\"http:\/\/www.w3.org\/2000\/svg\" viewbox=\"0 0 576 512\"><path fill=\"currentColor\" d=\"M402.6 83.2l90.2 90.2c3.8 3.8 3.8 10 0 13.8L274.4 405.6l-92.8 10.3c-12.4 1.4-22.9-9.1-21.5-21.5l10.3-92.8L388.8 83.2c3.8-3.8 10-3.8 13.8 0zm162-22.9l-48.8-48.8c-15.2-15.2-39.9-15.2-55.2 0l-35.4 35.4c-3.8 3.8-3.8 10 0 13.8l90.2 90.2c3.8 3.8 10 3.8 13.8 0l35.4-35.4c15.2-15.3 15.2-40 0-55.2zM384 346.2V448H64V128h229.8c3.2 0 6.2-1.3 8.5-3.5l40-40c7.6-7.6 2.2-20.5-8.5-20.5H48C21.5 64 0 85.5 0 112v352c0 26.5 21.5 48 48 48h352c26.5 0 48-21.5 48-48V306.2c0-10.7-12.9-16-20.5-8.5l-40 40c-2.2 2.3-3.5 5.3-3.5 8.5z\"><\/path><\/svg><\/div><\/div><\/div><\/div><\/div><\/div><\/div>\n\n\n\n<p>Preencha todos os dados e inscreva-se agora!<\/p>\n\n\n<script>(function() {\n\twindow.mc4wp = window.mc4wp || {\n\t\tlisteners: [],\n\t\tforms: {\n\t\t\ton: function(evt, cb) {\n\t\t\t\twindow.mc4wp.listeners.push(\n\t\t\t\t\t{\n\t\t\t\t\t\tevent   : evt,\n\t\t\t\t\t\tcallback: cb\n\t\t\t\t\t}\n\t\t\t\t);\n\t\t\t}\n\t\t}\n\t}\n})();\n<\/script><!-- Mailchimp for WordPress v4.8.11 - https:\/\/wordpress.org\/plugins\/mailchimp-for-wp\/ --><form id=\"mc4wp-form-1\" class=\"mc4wp-form mc4wp-form-27040\" method=\"post\" data-id=\"27040\" data-name=\"Assine a newsletter\" ><div class=\"mc4wp-form-fields\"><div class=\"vc_col-lg-6\">\n   <label><span style=\"display:none\">Primeiro nome<\/span>\n    <input type=\"text\" name=\"FNAME\" placeholder=\"Primeiro nome\" required=\"\">\n\t<\/label>\n  <br>\n  <br>\n  <\/div>\n<div class=\"vc_col-sm-6\">\n<label> <span style=\"display:none\">Apelido<\/span>\n    <input type=\"text\" name=\"LNAME\" placeholder=\"Apelido\" required=\"\">\n\t<\/label>\n    <\/div>\n  <br>\n  <label> <span style=\"display:none\">Pa\u00eds<\/span>\n\t\t<input type=\"text\" name=\"MMERGE3\" placeholder=\"Pa\u00eds\" required=\"\">\n\t<\/label>\n  <br>\n  <br>\n\t<label> <span style=\"display:none\">E-mail<\/span>\n\t\t<input type=\"email\" name=\"Email\" placeholder=\"E-mail\" nazionezrequired=\"\">\n\t<\/label>\n<br>\n<br>\n  <label>\n      <input name=\"AGREE_TO_TERMS\" type=\"checkbox\" value=\"1\" required=\"\">\n      <span>Dou meu consentimento para o processamento de meus dados pessoais para o envio de comunica\u00e7\u00f5es relacionadas \u00e0s iniciativas promovidas pelo site Gen Verde (Seus dados pessoais ser\u00e3o processados de acordo com o Regulamento Europeu no. 679\/2016 (chamado &#8220;GDPR&#8221;), em vigor a partir de 25 de maio de 2018. A este respeito, convidamos voc\u00ea a ler a <a href=\"https:\/\/www.genverde.it\/pt\/informacoes-sobre-o-tratamento-dos-dados-pessoai-2\/\" class=\"gdpr-privacy\" title=\"GDPR\"><u>Pol\u00edtica de Privacidade<\/u><\/a> relevante)<\/span>\n  <\/label>\n<br>\n<br>\n<div class=\"col-sm-3\">\n    <input type=\"submit\" value=\"Inscreva-se\">\n<\/div>\n<br>\n<br><\/div><label style=\"display: none !important;\">Leave this field empty if you&#8217;re human: <input type=\"text\" name=\"_mc4wp_honeypot\" value=\"\" tabindex=\"-1\" autocomplete=\"off\" \/><\/label><input type=\"hidden\" name=\"_mc4wp_timestamp\" value=\"1776334797\" \/><input type=\"hidden\" name=\"_mc4wp_form_id\" value=\"27040\" \/><input type=\"hidden\" name=\"_mc4wp_form_element_id\" value=\"mc4wp-form-1\" \/><div class=\"mc4wp-response\"><\/div><\/form><!-- \/ Mailchimp for WordPress Plugin --><\/div>\n<\/div>\n<\/div>\n<\/div>\n","protected":false},"excerpt":{"rendered":"<p>Inscreva-se para o Newsletter do Gen Verde! Preencha os campos abaixo e fique por dentro\u2026<\/p>\n","protected":false},"author":1,"featured_media":26410,"parent":0,"menu_order":0,"comment_status":"closed","ping_status":"closed","template":"","meta":[],"blocksy_meta":{"styles_descriptor":{"styles":{"desktop":"","tablet":"","mobile":""},"google_fonts":[]}},"featured_image_urls":{"full":["https:\/\/www.genverde.it\/wp-content\/uploads\/2022\/11\/Gen-Verde_Concerto-Imola-scaled.jpg",2560,1120,false],"thumbnail":["https:\/\/www.genverde.it\/wp-content\/uploads\/2022\/11\/Gen-Verde_Concerto-Imola-150x150.jpg",150,150,true],"medium":["https:\/\/www.genverde.it\/wp-content\/uploads\/2022\/11\/Gen-Verde_Concerto-Imola-300x131.jpg",300,131,true],"medium_large":["https:\/\/www.genverde.it\/wp-content\/uploads\/2022\/11\/Gen-Verde_Concerto-Imola-768x336.jpg",768,336,true],"large":["https:\/\/www.genverde.it\/wp-content\/uploads\/2022\/11\/Gen-Verde_Concerto-Imola-1024x448.jpg",1024,448,true],"1536x1536":["https:\/\/www.genverde.it\/wp-content\/uploads\/2022\/11\/Gen-Verde_Concerto-Imola-1536x672.jpg",1536,672,true],"2048x2048":["https:\/\/www.genverde.it\/wp-content\/uploads\/2022\/11\/Gen-Verde_Concerto-Imola-2048x896.jpg",2048,896,true]},"post_excerpt_stackable":"<p>Inscreva-se para o Newsletter do Gen Verde! Preencha os campos abaixo e fique por dentro das not\u00edcias e eventos do Gen Verde! Preencha todos os dados e inscreva-se agora! Primeiro nome Apelido Pa\u00eds E-mail Dou meu consentimento para o processamento de meus dados pessoais para o envio de comunica\u00e7\u00f5es relacionadas \u00e0s iniciativas promovidas pelo site Gen Verde (Seus dados pessoais ser\u00e3o processados de acordo com o Regulamento Europeu no. 679\/2016 (chamado &#8220;GDPR&#8221;), em vigor a partir de 25 de maio de 2018. A este respeito, convidamos voc\u00ea a ler a Pol\u00edtica de Privacidade relevante) Leave this field empty if you&#8217;re&hellip;<\/p>\n","category_list":"","author_info":{"name":"domains@trizero.it","url":"https:\/\/www.genverde.it\/pt\/author\/domainstrizero-it\/"},"comments_num":"0 comments","yoast_head":"<!-- This site is optimized with the Yoast SEO plugin v20.10 - https:\/\/yoast.com\/wordpress\/plugins\/seo\/ -->\n<title>Inscreva-se ao newsletter<\/title>\n<meta name=\"robots\" content=\"index, follow, max-snippet:-1, max-image-preview:large, max-video-preview:-1\" \/>\n<link rel=\"canonical\" href=\"https:\/\/www.genverde.it\/pt\/inscreva-se-ao-newsletter\/\" \/>\n<meta property=\"og:locale\" content=\"pt_PT\" \/>\n<meta property=\"og:type\" content=\"article\" \/>\n<meta property=\"og:title\" content=\"Inscreva-se ao newsletter\" \/>\n<meta property=\"og:description\" content=\"Inscreva-se para o Newsletter do Gen Verde! Preencha os campos abaixo e fique por dentro\u2026\" \/>\n<meta property=\"og:url\" content=\"https:\/\/www.genverde.it\/pt\/inscreva-se-ao-newsletter\/\" \/>\n<meta property=\"og:site_name\" content=\"Gen Verde\" \/>\n<meta property=\"article:modified_time\" content=\"2022-12-22T11:25:31+00:00\" \/>\n<meta property=\"og:image\" content=\"https:\/\/www.genverde.it\/wp-content\/uploads\/2022\/11\/Gen-Verde_Concerto-Imola-scaled.jpg\" \/>\n\t<meta property=\"og:image:width\" content=\"2560\" \/>\n\t<meta property=\"og:image:height\" content=\"1120\" \/>\n\t<meta property=\"og:image:type\" content=\"image\/jpeg\" \/>\n<meta name=\"twitter:card\" content=\"summary_large_image\" \/>\n<meta name=\"twitter:label1\" content=\"Est. reading time\" \/>\n\t<meta name=\"twitter:data1\" content=\"1 minute\" \/>\n<script type=\"application\/ld+json\" class=\"yoast-schema-graph\">{\"@context\":\"https:\/\/schema.org\",\"@graph\":[{\"@type\":\"WebPage\",\"@id\":\"https:\/\/www.genverde.it\/pt\/inscreva-se-ao-newsletter\/\",\"url\":\"https:\/\/www.genverde.it\/pt\/inscreva-se-ao-newsletter\/\",\"name\":\"Inscreva-se ao newsletter\",\"isPartOf\":{\"@id\":\"https:\/\/www.genverde.it\/pt\/#website\"},\"datePublished\":\"2022-12-01T14:40:28+00:00\",\"dateModified\":\"2022-12-22T11:25:31+00:00\",\"breadcrumb\":{\"@id\":\"https:\/\/www.genverde.it\/pt\/inscreva-se-ao-newsletter\/#breadcrumb\"},\"inLanguage\":\"pt\",\"potentialAction\":[{\"@type\":\"ReadAction\",\"target\":[\"https:\/\/www.genverde.it\/pt\/inscreva-se-ao-newsletter\/\"]}]},{\"@type\":\"BreadcrumbList\",\"@id\":\"https:\/\/www.genverde.it\/pt\/inscreva-se-ao-newsletter\/#breadcrumb\",\"itemListElement\":[{\"@type\":\"ListItem\",\"position\":1,\"name\":\"Home\",\"item\":\"https:\/\/www.genverde.it\/pt\/\"},{\"@type\":\"ListItem\",\"position\":2,\"name\":\"Inscreva-se ao newsletter\"}]},{\"@type\":\"WebSite\",\"@id\":\"https:\/\/www.genverde.it\/pt\/#website\",\"url\":\"https:\/\/www.genverde.it\/pt\/\",\"name\":\"Gen Verde\",\"description\":\"\",\"publisher\":{\"@id\":\"https:\/\/www.genverde.it\/pt\/#organization\"},\"potentialAction\":[{\"@type\":\"SearchAction\",\"target\":{\"@type\":\"EntryPoint\",\"urlTemplate\":\"https:\/\/www.genverde.it\/pt\/?s={search_term_string}\"},\"query-input\":\"required name=search_term_string\"}],\"inLanguage\":\"pt\"},{\"@type\":\"Organization\",\"@id\":\"https:\/\/www.genverde.it\/pt\/#organization\",\"name\":\"Gen Verde\",\"url\":\"https:\/\/www.genverde.it\/pt\/\",\"logo\":{\"@type\":\"ImageObject\",\"inLanguage\":\"pt\",\"@id\":\"https:\/\/www.genverde.it\/pt\/#\/schema\/logo\/image\/\",\"url\":\"https:\/\/www.genverde.it\/wp-content\/uploads\/2021\/05\/logo-gen-verde-black.png\",\"contentUrl\":\"https:\/\/www.genverde.it\/wp-content\/uploads\/2021\/05\/logo-gen-verde-black.png\",\"width\":646,\"height\":392,\"caption\":\"Gen Verde\"},\"image\":{\"@id\":\"https:\/\/www.genverde.it\/pt\/#\/schema\/logo\/image\/\"}}]}<\/script>\n<!-- \/ Yoast SEO plugin. -->","yoast_head_json":{"title":"Inscreva-se ao newsletter","robots":{"index":"index","follow":"follow","max-snippet":"max-snippet:-1","max-image-preview":"max-image-preview:large","max-video-preview":"max-video-preview:-1"},"canonical":"https:\/\/www.genverde.it\/pt\/inscreva-se-ao-newsletter\/","og_locale":"pt_PT","og_type":"article","og_title":"Inscreva-se ao newsletter","og_description":"Inscreva-se para o Newsletter do Gen Verde! Preencha os campos abaixo e fique por dentro\u2026","og_url":"https:\/\/www.genverde.it\/pt\/inscreva-se-ao-newsletter\/","og_site_name":"Gen Verde","article_modified_time":"2022-12-22T11:25:31+00:00","og_image":[{"width":2560,"height":1120,"url":"https:\/\/www.genverde.it\/wp-content\/uploads\/2022\/11\/Gen-Verde_Concerto-Imola-scaled.jpg","type":"image\/jpeg"}],"twitter_card":"summary_large_image","twitter_misc":{"Est. reading time":"1 minute"},"schema":{"@context":"https:\/\/schema.org","@graph":[{"@type":"WebPage","@id":"https:\/\/www.genverde.it\/pt\/inscreva-se-ao-newsletter\/","url":"https:\/\/www.genverde.it\/pt\/inscreva-se-ao-newsletter\/","name":"Inscreva-se ao newsletter","isPartOf":{"@id":"https:\/\/www.genverde.it\/pt\/#website"},"datePublished":"2022-12-01T14:40:28+00:00","dateModified":"2022-12-22T11:25:31+00:00","breadcrumb":{"@id":"https:\/\/www.genverde.it\/pt\/inscreva-se-ao-newsletter\/#breadcrumb"},"inLanguage":"pt","potentialAction":[{"@type":"ReadAction","target":["https:\/\/www.genverde.it\/pt\/inscreva-se-ao-newsletter\/"]}]},{"@type":"BreadcrumbList","@id":"https:\/\/www.genverde.it\/pt\/inscreva-se-ao-newsletter\/#breadcrumb","itemListElement":[{"@type":"ListItem","position":1,"name":"Home","item":"https:\/\/www.genverde.it\/pt\/"},{"@type":"ListItem","position":2,"name":"Inscreva-se ao newsletter"}]},{"@type":"WebSite","@id":"https:\/\/www.genverde.it\/pt\/#website","url":"https:\/\/www.genverde.it\/pt\/","name":"Gen Verde","description":"","publisher":{"@id":"https:\/\/www.genverde.it\/pt\/#organization"},"potentialAction":[{"@type":"SearchAction","target":{"@type":"EntryPoint","urlTemplate":"https:\/\/www.genverde.it\/pt\/?s={search_term_string}"},"query-input":"required name=search_term_string"}],"inLanguage":"pt"},{"@type":"Organization","@id":"https:\/\/www.genverde.it\/pt\/#organization","name":"Gen Verde","url":"https:\/\/www.genverde.it\/pt\/","logo":{"@type":"ImageObject","inLanguage":"pt","@id":"https:\/\/www.genverde.it\/pt\/#\/schema\/logo\/image\/","url":"https:\/\/www.genverde.it\/wp-content\/uploads\/2021\/05\/logo-gen-verde-black.png","contentUrl":"https:\/\/www.genverde.it\/wp-content\/uploads\/2021\/05\/logo-gen-verde-black.png","width":646,"height":392,"caption":"Gen Verde"},"image":{"@id":"https:\/\/www.genverde.it\/pt\/#\/schema\/logo\/image\/"}}]}},"_links":{"self":[{"href":"https:\/\/www.genverde.it\/pt\/wp-json\/wp\/v2\/pages\/27036"}],"collection":[{"href":"https:\/\/www.genverde.it\/pt\/wp-json\/wp\/v2\/pages"}],"about":[{"href":"https:\/\/www.genverde.it\/pt\/wp-json\/wp\/v2\/types\/page"}],"author":[{"embeddable":true,"href":"https:\/\/www.genverde.it\/pt\/wp-json\/wp\/v2\/users\/1"}],"replies":[{"embeddable":true,"href":"https:\/\/www.genverde.it\/pt\/wp-json\/wp\/v2\/comments?post=27036"}],"version-history":[{"count":15,"href":"https:\/\/www.genverde.it\/pt\/wp-json\/wp\/v2\/pages\/27036\/revisions"}],"predecessor-version":[{"id":27229,"href":"https:\/\/www.genverde.it\/pt\/wp-json\/wp\/v2\/pages\/27036\/revisions\/27229"}],"wp:featuredmedia":[{"embeddable":true,"href":"https:\/\/www.genverde.it\/pt\/wp-json\/wp\/v2\/media\/26410"}],"wp:attachment":[{"href":"https:\/\/www.genverde.it\/pt\/wp-json\/wp\/v2\/media?parent=27036"}],"curies":[{"name":"wp","href":"https:\/\/api.w.org\/{rel}","templated":true}]}}