{"id":27293,"date":"2023-01-09T11:45:28","date_gmt":"2023-01-09T10:45:28","guid":{"rendered":"https:\/\/www.genverde.it\/?page_id=27293"},"modified":"2023-01-17T08:48:56","modified_gmt":"2023-01-17T07:48:56","slug":"informacoes-sobre-o-tratamento-dos-dados-pessoai-2","status":"publish","type":"page","link":"https:\/\/www.genverde.it\/pt\/informacoes-sobre-o-tratamento-dos-dados-pessoai-2\/","title":{"rendered":"INFORMA\u00c7\u00d5ES SOBRE O TRATAMENTO DOS DADOS PESSOAIS"},"content":{"rendered":"\n<p><strong>de usu\u00e1rios acessando e consultando o website Gen Verde para a prote\u00e7\u00e3o de dados pessoais de acordo com o Regulamento (UE) 2016\/679<\/strong> <a href=\"https:\/\/www.genverde.it\/pt\/\"><strong>https:\/\/www.genverde.it\/<\/strong><\/a><\/p>\n\n<p><em>Pref\u00e1cio<\/em><br\/>Esta p\u00e1gina descreve como o site \u00e9 gerenciado com rela\u00e7\u00e3o ao processamento de dados pessoais dos usu\u00e1rios que o acessam e o consultam. De acordo com a legisla\u00e7\u00e3o indicada, todo o processamento ser\u00e1 baseado nos princ\u00edpios de corre\u00e7\u00e3o, legalidade, transpar\u00eancia e prote\u00e7\u00e3o da confidencialidade e dos direitos dos Usu\u00e1rios. Estas informa\u00e7\u00f5es s\u00e3o fornecidas sobre o assunto de privacidade de acordo com o Regulamento (UE) 2016\/679 (doravante &#8220;Regulamento&#8221; ou &#8220;GDPR&#8221;).<\/p>\n\n<p><strong>O \u201cTITULAR\u201d DO PROCESSAMENTO<\/strong><\/p>\n\n<p>O \u201ccontrolador de dados\u201d, ou seja, a pessoa jur\u00eddica que determina as finalidades e os meios de processamento de dados pessoais, \u00e9 a Gen Verde da P.A.F.O.M. com sede social na via Frascati n. 306, Rocca di Papa (Roma-It\u00e1lia). Endere\u00e7o de e-mail do titular: <a>news@genverde.it<\/a><\/p>\n\n<p>Ap\u00f3s consulta desta plataforma, os dados relativos a pessoas identificadas ou identific\u00e1veis podem ser processados.<\/p>\n\n<p><strong>O RESPONS\u00c1VEL DA PROTE\u00c7\u00c3O DOS DADOS<\/strong><strong><\/strong><\/p>\n\n<p>O Respons\u00e1vel da Prote\u00e7\u00e3o dos Dados (RPD) \u00e9 o Adv. Sergio Barbaro contactado no seguinte endere\u00e7o: Respons\u00e1vel da Prote\u00e7\u00e3o dos dados pessoais, via Frascati n. 306, Rocca di Papa (Roma-It\u00e1lia), e-mail: privacy@focolare.org.<\/p>\n\n<p><strong>TIPOS DE DADOS COLETADOS<\/strong><\/p>\n\n<p>Todos os dados pessoais fornecidos ser\u00e3o processados de forma legal, correta e transparente, a fim de prestar os servi\u00e7os solicitados.<br\/>Os Dados Pessoais podem ser fornecidos livremente pelo Usu\u00e1rio ou, no caso de Dados de Usu\u00e1rio, coletados automaticamente durante o uso desta Aplica\u00e7\u00e3o.<br\/>A menos que especificado de outra forma, todos os Dados solicitados por esta Aplica\u00e7\u00e3o s\u00e3o obrigat\u00f3rios. Se o Usu\u00e1rio se recusar a comunic\u00e1-los, pode ser imposs\u00edvel para esta Aplica\u00e7\u00e3o fornecer o Servi\u00e7o. Nos casos em que esta Aplica\u00e7\u00e3o indicar certos Dados como opcionais, os Usu\u00e1rios s\u00e3o livres para se abster de comunicar tais Dados, sem qualquer consequ\u00eancia sobre a disponibilidade do Servi\u00e7o ou sua opera\u00e7\u00e3o. Os usu\u00e1rios em d\u00favida sobre quais Dados s\u00e3o obrigat\u00f3rios s\u00e3o encorajados a entrar em contato com o Controlador de Dados.<br\/>O poss\u00edvel uso de Cookies &#8211; ou de outras ferramentas de rastreamento &#8211; por este Aplicativo ou pelos propriet\u00e1rios de servi\u00e7os de terceiros utilizados por este Aplicativo, a menos que especificado de outra forma, tem a finalidade de fornecer o Servi\u00e7o solicitado pelo Usu\u00e1rio, al\u00e9m das outras finalidades descritas neste documento e na Pol\u00edtica de Cookies, se dispon\u00edvel.<br\/><\/p>\n\n<p>O Usu\u00e1rio assume a responsabilidade pelos Dados Pessoais de terceiros obtidos, publicados ou compartilhados atrav\u00e9s desta Aplica\u00e7\u00e3o e garante que tem o direito de comunic\u00e1-los ou difundi-los, liberando o Propriet\u00e1rio de qualquer responsabilidade para com terceiros.<\/p>\n\n<p><strong>NEWSLETTER<\/strong><\/p>\n\n<p>Para o servi\u00e7o de newsletter, a Gen Verde da P.A.F.O.M. utiliza a plataforma Mailchimp (<a href=\"https:\/\/mailchimp.com\/legal\/terms\">https:\/\/mailchimp.com\/legal\/terms<\/a>) para gerenciar o fluxo e o monitoramento de e-mails e processamento de dados. O n\u00e3o fornecimento do consentimento na se\u00e7\u00e3o apropriada impedir\u00e1 que o usu\u00e1rio fa\u00e7a uso do servi\u00e7o.<\/p>\n\n<p><strong>MODALIDADES DE PROCESSAMENTO DE DADOS<\/strong><\/p>\n\n<p>O Controlador de Dados adota medidas de seguran\u00e7a apropriadas para impedir o acesso n\u00e3o autorizado, divulga\u00e7\u00e3o, modifica\u00e7\u00e3o ou destrui\u00e7\u00e3o dos Dados Pessoais. O processamento \u00e9 realizado por meio de instrumentos inform\u00e1ticos e\/ou telem\u00e1ticos, com m\u00e9todos organizacionais e l\u00f3gicos estritamente relacionados com as finalidades indicadas. Al\u00e9m do Controlador de Dados, em alguns casos, outros assuntos envolvidos na organiza\u00e7\u00e3o desta Aplica\u00e7\u00e3o (administrativos, vendas, marketing, legais, administradores de sistemas) ou assuntos externos (tais como prestadores de servi\u00e7os t\u00e9cnicos de terceiros, correios, provedores de hospedagem, empresas de TI, ag\u00eancias de comunica\u00e7\u00e3o) podem ter acesso aos Dados.<\/p>\n\n<p>Para fins de opera\u00e7\u00e3o e manuten\u00e7\u00e3o, esta Aplica\u00e7\u00e3o e quaisquer servi\u00e7os de terceiros utilizados por ela podem coletar logs do sistema, ou seja, arquivos que registram intera\u00e7\u00f5es e que tamb\u00e9m podem conter Dados Pessoais, tais como o endere\u00e7o IP do Usu\u00e1rio.<\/p>\n\n<p><strong>POL\u00cdTICA DE COOKIE<\/strong><\/p>\n\n<p>Esta aplica\u00e7\u00e3o faz uso de ferramentas de rastreamento. Para saber mais, o Usu\u00e1rio pode consultar a Pol\u00edtica de Cookies no Site.<\/p>\n\n<p><strong>BASE LEGAL PARA O PROCESSAMENTO<\/strong><\/p>\n\n<p>O Controlador de Dados processa os Dados Pessoais relativos ao Usu\u00e1rio se uma das seguintes condi\u00e7\u00f5es existir:<\/p>\n\n<p>\u2022 o Usu\u00e1rio deu consentimento para um ou mais prop\u00f3sitos espec\u00edficos; Nota: em algumas jurisdi\u00e7\u00f5es, o Controlador pode ser autorizado a processar Dados Pessoais sem a necessidade do consentimento do Usu\u00e1rio ou outra das bases legais especificadas abaixo, desde que o Usu\u00e1rio n\u00e3o se oponha (&#8220;opt-out&#8221;) a tal processamento. Entretanto, isto n\u00e3o se aplica se o processamento de Dados Pessoais for regido pela legisla\u00e7\u00e3o europ\u00e9ia sobre a prote\u00e7\u00e3o de Dados Pessoais;<\/p>\n\n<p>\u2022 o processamento \u00e9 necess\u00e1rio para a execu\u00e7\u00e3o de um contrato com o Usu\u00e1rio e\/ou para a execu\u00e7\u00e3o de medidas pr\u00e9-contratuais;<\/p>\n\n<p>\u2022 o processamento \u00e9 necess\u00e1rio para o cumprimento de uma obriga\u00e7\u00e3o legal \u00e0 qual o Controlador est\u00e1 sujeito;<\/p>\n\n<p>\u2022 o processamento \u00e9 necess\u00e1rio para o desempenho de uma tarefa realizada no interesse p\u00fablico ou no exerc\u00edcio da autoridade p\u00fablica investida no Controlador;<\/p>\n\n<p>\u2022 o processamento \u00e9 necess\u00e1rio para a busca do interesse leg\u00edtimo do Controlador ou de terceiros.<\/p>\n\n<p>Entretanto, \u00e9 sempre poss\u00edvel solicitar ao Controlador que esclare\u00e7a a base legal concreta de cada processamento e, em particular, especificar se o processamento \u00e9 baseado na lei, exigido por um contrato ou necess\u00e1rio para a conclus\u00e3o de um contrato.<\/p>\n\n<p><strong>LOCAL DE PROCESSAMENTO<\/strong><br\/>As opera\u00e7\u00f5es de processamento ligadas aos servi\u00e7os web deste site acontecem nas instala\u00e7\u00f5es mencionadas acima e s\u00e3o realizadas somente por pessoal t\u00e9cnico indicado pelo Controlador de Dados, ou por pessoas que podem ser indicadas para opera\u00e7\u00f5es de manuten\u00e7\u00e3o ocasionais, sob a autoridade direta do Controlador de Dados. Nenhum dado derivado do servi\u00e7o web \u00e9 comunicado ou divulgado.<\/p>\n\n<p>Os dados pessoais fornecidos pelos usu\u00e1rios que solicitam o envio de material informativo (respostas a consultas, boletins informativos, etc.) s\u00e3o utilizados com a \u00fanica finalidade de responder ao pedido e s\u00e3o comunicados a terceiros somente se isso for exigido por lei.<\/p>\n\n<p><strong>PER\u00cdODO DE RETEN\u00c7\u00c3O<\/strong><\/p>\n\n<p>Os dados s\u00e3o processados e mantidos durante o tempo necess\u00e1rio para os fins para os quais foram coletados.<\/p>\n\n<p>Portanto:<\/p>\n\n<ul>\n<li>&#8211; Os dados pessoais coletados para fins relacionados \u00e0 execu\u00e7\u00e3o de um contrato entre o Controlador de Dados e o Usu\u00e1rio ser\u00e3o retidos at\u00e9 a execu\u00e7\u00e3o desse contrato ser conclu\u00edda.<\/li>\n\n\n\n<li>&#8211; Os dados pessoais coletados para fins relacionados ao leg\u00edtimo interesse do Controlador de Dados ser\u00e3o retidos at\u00e9 que tal interesse seja satisfeito. O Usu\u00e1rio pode obter mais informa\u00e7\u00f5es sobre o leg\u00edtimo interesse perseguido pelo Controlador nas se\u00e7\u00f5es pertinentes deste documento ou entrando em contato com o Controlador.\n<ul>\n<li><\/li>\n<\/ul>\n<\/li>\n<\/ul>\n\n<p>Quando o processamento for baseado no consentimento do Usu\u00e1rio, o Controlador de Dados poder\u00e1 manter os Dados Pessoais por mais tempo at\u00e9 que tal consentimento seja revogado. Al\u00e9m disso, o Controlador pode ser obrigado a manter os Dados Pessoais por um per\u00edodo mais longo em conformidade com uma obriga\u00e7\u00e3o legal ou por ordem de uma autoridade.<\/p>\n\n<p>Ao final do per\u00edodo de reten\u00e7\u00e3o, os Dados Pessoais ser\u00e3o exclu\u00eddos. Portanto, ao expirar este per\u00edodo, o direito de acesso, elimina\u00e7\u00e3o, retifica\u00e7\u00e3o e o direito \u00e0 portabilidade dos dados n\u00e3o pode mais ser exercido.<\/p>\n\n<p><strong>DIREITOS DOS INTERESSADOS<\/strong><\/p>\n\n<p>Os usu\u00e1rios podem exercer certos direitos em rela\u00e7\u00e3o aos Dados processados pelo Controlador de Dados.<\/p>\n\n<p>Em particular, o Usu\u00e1rio tem o direito de:<\/p>\n\n<ul>\n<li><strong>&#8211; revogar o consentimento a qualquer momento.<\/strong> O Usu\u00e1rio pode revogar o consentimento para o processamento de seus Dados Pessoais previamente expressos.<\/li>\n\n\n\n<li><strong>&#8211; se op\u00f5em ao processamento de seus dados.<\/strong> O Usu\u00e1rio pode se opor ao processamento de seus Dados quando este for feito em uma base legal que n\u00e3o seja o consentimento. Mais detalhes sobre o direito de obje\u00e7\u00e3o s\u00e3o apresentados na se\u00e7\u00e3o abaixo.<\/li>\n\n\n\n<li><strong>&#8211; acesso aos seus dados.<\/strong> O Usu\u00e1rio tem o direito de obter informa\u00e7\u00f5es sobre os Dados processados pelo Controlador, sobre certos aspectos do processamento e de receber uma c\u00f3pia dos Dados processados.<\/li>\n\n\n\n<li><strong>&#8211; verificar e solicitar a retifica\u00e7\u00e3o.<\/strong> O Usu\u00e1rio pode verificar a exatid\u00e3o de seus Dados e solicitar que os mesmos sejam atualizados ou corrigidos.<\/li>\n\n\n\n<li><strong>&#8211; obter a restri\u00e7\u00e3o do processamento.<\/strong> Quando certas condi\u00e7\u00f5es s\u00e3o cumpridas, o Usu\u00e1rio pode solicitar a restri\u00e7\u00e3o do processamento de seus Dados. Neste caso, o Controlador de Dados n\u00e3o processar\u00e1 os Dados para nenhum outro fim que n\u00e3o seja sua preserva\u00e7\u00e3o.<\/li>\n\n\n\n<li><strong>&#8211; obter a elimina\u00e7\u00e3o ou remo\u00e7\u00e3o de seus dados pessoais.<\/strong> Quando certas condi\u00e7\u00f5es s\u00e3o cumpridas, o Usu\u00e1rio pode solicitar a exclus\u00e3o de seus Dados pelo Controlador de Dados.<\/li>\n\n\n\n<li><strong>&#8211; recebem seus dados ou os transferem para outro Controlador de Dados.<\/strong> O Usu\u00e1rio tem o direito de receber seus Dados em um formato estruturado, comumente usado e leg\u00edvel por m\u00e1quina e, quando tecnicamente vi\u00e1vel, t\u00ea-los transferidos sem impedimentos para outro controlador de dados. Esta disposi\u00e7\u00e3o \u00e9 aplic\u00e1vel quando os Dados s\u00e3o processados por meios automatizados e o processamento \u00e9 baseado no consentimento do Usu\u00e1rio, em um contrato do qual o Usu\u00e1rio \u00e9 parte ou em medidas contratuais relacionadas a ele.<\/li>\n\n\n\n<li><strong>&#8211; Propor uma reclama\u00e7\u00e3o.<\/strong> O Usu\u00e1rio pode apresentar uma reclama\u00e7\u00e3o junto \u00e0 autoridade fiscalizadora de prote\u00e7\u00e3o de dados competente ou tomar medidas legais.<\/li>\n<\/ul>\n\n<p>Quando Dados Pessoais s\u00e3o processados no interesse p\u00fablico, no exerc\u00edcio de poderes p\u00fablicos investidos no Controlador de Dados, ou para perseguir um interesse leg\u00edtimo do Controlador de Dados, os Usu\u00e1rios t\u00eam o direito de se opor ao processamento por raz\u00f5es relacionadas \u00e0 sua situa\u00e7\u00e3o particular.<\/p>\n\n<p><a>Gen Verde da P.A.F.O.M. lembra que, caso a resposta \u00e0s solicita\u00e7\u00f5es seja considerada insatisfat\u00f3ria, o usu\u00e1rio poder\u00e1 dirigir e apresentar uma reclama\u00e7\u00e3o \u00e0 Autoridade Italiana de Prote\u00e7\u00e3o de Dados (www.garanteprivacy.it) da maneira prevista pelo Regulamento Aplic\u00e1vel.<\/a><\/p>\n\n<p><strong>ALTERA\u00c7\u00d5ES A ESTA POL\u00cdTICA DE PRIVACIDADE<\/strong><\/p>\n\n<p>O Controlador de Dados se reserva o direito de fazer mudan\u00e7as nesta pol\u00edtica de privacidade a qualquer momento, notificando os Usu\u00e1rios nesta p\u00e1gina e, se poss\u00edvel, nesta Aplica\u00e7\u00e3o, assim como, se tecnicamente e legalmente vi\u00e1vel, enviando uma notifica\u00e7\u00e3o aos Usu\u00e1rios atrav\u00e9s de um dos dados de contato que possui. Portanto, consulte esta p\u00e1gina com freq\u00fc\u00eancia, referindo-se \u00e0 data da \u00faltima modifica\u00e7\u00e3o indicada na parte inferior.<\/p>\n\n<p>Se as mudan\u00e7as afetarem o processamento cuja base legal \u00e9 o consentimento, o Controlador de Dados coletar\u00e1 novamente o consentimento do Usu\u00e1rio, se necess\u00e1rio.<\/p>\n\n<p><strong>FORNECIMENTO DO REGISTRO AOS PEDIDOS DO INTERESSADO E DADOS DE CONTATO <\/strong><\/p>\n\n<p>Gen Verde da P.A.F.O.M. pode, portanto, ser contatado para qualquer solicita\u00e7\u00e3o, esclarecimento ou feedback sobre a aplica\u00e7\u00e3o dos regulamentos de prote\u00e7\u00e3o de dados pessoais e para o exerc\u00edcio concreto dos direitos do envolvido, conforme melhor especificado no par\u00e1grafo anterior, tamb\u00e9m no caso de ser necess\u00e1rio atualizar, alterar, complementar, corrigir e\/ou apagar dados, conforme previsto na lei ou em rela\u00e7\u00e3o \u00e0 avalia\u00e7\u00e3o das necessidades espec\u00edficas declaradas explicitamente pelo envolvido.<\/p>\n\n<p>Para este fim, a fim de facilitar o interessado no exerc\u00edcio de seus direitos e na intera\u00e7\u00e3o com o Gen Verde da P.A.F.O.M., s\u00e3o fornecidos os seguintes dados de contato aos quais ele poder\u00e1 se referir em caso de necessidade: tel. (+39) 055\/9051450, e-mail: news@genverde.it; www.genverde.it; Loppiano, Via San Vito 12 50064 Figline e Incisa em Valdarno (Floren\u00e7a) &#8211; It\u00e1lia.<\/p>\n\n<div class=\"wp-block-ugb-button ugb-button-wrapper ugb-43905e9 ugb-main-block\"><style>.ugb-43905e9 .ugb-block-content{justify-content:center}.ugb-43905e9 .ugb-block-content .ugb-button{border-radius:3px}.ugb-43905e9 .ugb-button1{background-color:var(--paletteColor2,#96c600);border-radius:3px !important}.ugb-43905e9 .ugb-button1 .ugb-button--inner,.ugb-43905e9 .ugb-button1 svg:not(.ugb-custom-icon){color:var(--paletteColor1,#ffffff) !important}.ugb-43905e9 .ugb-button1:hover{opacity:1}.ugb-43905e9 .ugb-button1:before{border-radius:3px !important}.ugb-43905e9 .ugb-inner-block{text-align:center}<\/style><div class=\"ugb-inner-block\"><div class=\"ugb-block-content\"><div class=\"ugb-button-container\"><a class=\"ugb-button1 ugb-button ugb-button--size-large\" href=\"https:\/\/www.genverde.it\/pt\/inscreva-se-ao-newsletter\/\" rel=\"\" title=\"\"><span class=\"ugb-button--inner\"><strong>INSCREVA-SE<\/strong><\/span><\/a><\/div><\/div><\/div><\/div>\n\n<div class=\"wp-block-ugb-spacer ugb-spacer ugb-c6b7843 ugb-spacer--v2 ugb-main-block\"><div class=\"ugb-inner-block\"><div class=\"ugb-block-content\"><div class=\"ugb-spacer--inner\"><\/div><\/div><\/div><\/div>\n","protected":false},"excerpt":{"rendered":"<p>de usu\u00e1rios acessando e consultando o website Gen Verde para a prote\u00e7\u00e3o de dados pessoais\u2026<\/p>\n","protected":false},"author":5,"featured_media":0,"parent":0,"menu_order":0,"comment_status":"closed","ping_status":"closed","template":"","meta":[],"blocksy_meta":{"styles_descriptor":{"styles":{"desktop":"","tablet":"","mobile":""},"google_fonts":[]}},"featured_image_urls":{"full":"","thumbnail":"","medium":"","medium_large":"","large":"","1536x1536":"","2048x2048":""},"post_excerpt_stackable":"<p>de usu\u00e1rios acessando e consultando o website Gen Verde para a prote\u00e7\u00e3o de dados pessoais de acordo com o Regulamento (UE) 2016\/679 https:\/\/www.genverde.it\/ Pref\u00e1cioEsta p\u00e1gina descreve como o site \u00e9 gerenciado com rela\u00e7\u00e3o ao processamento de dados pessoais dos usu\u00e1rios que o acessam e o consultam. De acordo com a legisla\u00e7\u00e3o indicada, todo o processamento ser\u00e1 baseado nos princ\u00edpios de corre\u00e7\u00e3o, legalidade, transpar\u00eancia e prote\u00e7\u00e3o da confidencialidade e dos direitos dos Usu\u00e1rios. Estas informa\u00e7\u00f5es s\u00e3o fornecidas sobre o assunto de privacidade de acordo com o Regulamento (UE) 2016\/679 (doravante &#8220;Regulamento&#8221; ou &#8220;GDPR&#8221;). O \u201cTITULAR\u201d DO PROCESSAMENTO O \u201ccontrolador de dados\u201d,&hellip;<\/p>\n","category_list":"","author_info":{"name":"Raiveth Banfield","url":"https:\/\/www.genverde.it\/pt\/author\/raiveth-banfield\/"},"comments_num":"0 comments","yoast_head":"<!-- This site is optimized with the Yoast SEO plugin v20.10 - https:\/\/yoast.com\/wordpress\/plugins\/seo\/ -->\n<title>INFORMA\u00c7\u00d5ES SOBRE O TRATAMENTO DOS DADOS PESSOAIS<\/title>\n<meta name=\"robots\" content=\"index, follow, max-snippet:-1, max-image-preview:large, max-video-preview:-1\" \/>\n<link rel=\"canonical\" href=\"https:\/\/www.genverde.it\/pt\/informacoes-sobre-o-tratamento-dos-dados-pessoai-2\/\" \/>\n<meta property=\"og:locale\" content=\"pt_PT\" \/>\n<meta property=\"og:type\" content=\"article\" \/>\n<meta property=\"og:title\" content=\"INFORMA\u00c7\u00d5ES SOBRE O TRATAMENTO DOS DADOS PESSOAIS\" \/>\n<meta property=\"og:description\" content=\"de usu\u00e1rios acessando e consultando o website Gen Verde para a prote\u00e7\u00e3o de dados pessoais\u2026\" \/>\n<meta property=\"og:url\" content=\"https:\/\/www.genverde.it\/pt\/informacoes-sobre-o-tratamento-dos-dados-pessoai-2\/\" \/>\n<meta property=\"og:site_name\" content=\"Gen Verde\" \/>\n<meta property=\"article:modified_time\" content=\"2023-01-17T07:48:56+00:00\" \/>\n<meta property=\"og:image\" content=\"https:\/\/www.genverde.it\/wp-content\/uploads\/2021\/06\/logo-gen-verde-semplice.png\" \/>\n\t<meta property=\"og:image:width\" content=\"646\" \/>\n\t<meta property=\"og:image:height\" content=\"237\" \/>\n\t<meta property=\"og:image:type\" content=\"image\/png\" \/>\n<meta name=\"twitter:card\" content=\"summary_large_image\" \/>\n<meta name=\"twitter:label1\" content=\"Est. reading time\" \/>\n\t<meta name=\"twitter:data1\" content=\"10 minutes\" \/>\n<script type=\"application\/ld+json\" class=\"yoast-schema-graph\">{\"@context\":\"https:\/\/schema.org\",\"@graph\":[{\"@type\":\"WebPage\",\"@id\":\"https:\/\/www.genverde.it\/pt\/informacoes-sobre-o-tratamento-dos-dados-pessoai-2\/\",\"url\":\"https:\/\/www.genverde.it\/pt\/informacoes-sobre-o-tratamento-dos-dados-pessoai-2\/\",\"name\":\"INFORMA\u00c7\u00d5ES SOBRE O TRATAMENTO DOS DADOS PESSOAIS\",\"isPartOf\":{\"@id\":\"https:\/\/www.genverde.it\/pt\/#website\"},\"datePublished\":\"2023-01-09T10:45:28+00:00\",\"dateModified\":\"2023-01-17T07:48:56+00:00\",\"breadcrumb\":{\"@id\":\"https:\/\/www.genverde.it\/pt\/informacoes-sobre-o-tratamento-dos-dados-pessoai-2\/#breadcrumb\"},\"inLanguage\":\"pt\",\"potentialAction\":[{\"@type\":\"ReadAction\",\"target\":[\"https:\/\/www.genverde.it\/pt\/informacoes-sobre-o-tratamento-dos-dados-pessoai-2\/\"]}]},{\"@type\":\"BreadcrumbList\",\"@id\":\"https:\/\/www.genverde.it\/pt\/informacoes-sobre-o-tratamento-dos-dados-pessoai-2\/#breadcrumb\",\"itemListElement\":[{\"@type\":\"ListItem\",\"position\":1,\"name\":\"Home\",\"item\":\"https:\/\/www.genverde.it\/pt\/\"},{\"@type\":\"ListItem\",\"position\":2,\"name\":\"INFORMA\u00c7\u00d5ES SOBRE O TRATAMENTO DOS DADOS PESSOAIS\"}]},{\"@type\":\"WebSite\",\"@id\":\"https:\/\/www.genverde.it\/pt\/#website\",\"url\":\"https:\/\/www.genverde.it\/pt\/\",\"name\":\"Gen Verde\",\"description\":\"\",\"publisher\":{\"@id\":\"https:\/\/www.genverde.it\/pt\/#organization\"},\"potentialAction\":[{\"@type\":\"SearchAction\",\"target\":{\"@type\":\"EntryPoint\",\"urlTemplate\":\"https:\/\/www.genverde.it\/pt\/?s={search_term_string}\"},\"query-input\":\"required name=search_term_string\"}],\"inLanguage\":\"pt\"},{\"@type\":\"Organization\",\"@id\":\"https:\/\/www.genverde.it\/pt\/#organization\",\"name\":\"Gen Verde\",\"url\":\"https:\/\/www.genverde.it\/pt\/\",\"logo\":{\"@type\":\"ImageObject\",\"inLanguage\":\"pt\",\"@id\":\"https:\/\/www.genverde.it\/pt\/#\/schema\/logo\/image\/\",\"url\":\"https:\/\/www.genverde.it\/wp-content\/uploads\/2021\/05\/logo-gen-verde-black.png\",\"contentUrl\":\"https:\/\/www.genverde.it\/wp-content\/uploads\/2021\/05\/logo-gen-verde-black.png\",\"width\":646,\"height\":392,\"caption\":\"Gen Verde\"},\"image\":{\"@id\":\"https:\/\/www.genverde.it\/pt\/#\/schema\/logo\/image\/\"}}]}<\/script>\n<!-- \/ Yoast SEO plugin. -->","yoast_head_json":{"title":"INFORMA\u00c7\u00d5ES SOBRE O TRATAMENTO DOS DADOS PESSOAIS","robots":{"index":"index","follow":"follow","max-snippet":"max-snippet:-1","max-image-preview":"max-image-preview:large","max-video-preview":"max-video-preview:-1"},"canonical":"https:\/\/www.genverde.it\/pt\/informacoes-sobre-o-tratamento-dos-dados-pessoai-2\/","og_locale":"pt_PT","og_type":"article","og_title":"INFORMA\u00c7\u00d5ES SOBRE O TRATAMENTO DOS DADOS PESSOAIS","og_description":"de usu\u00e1rios acessando e consultando o website Gen Verde para a prote\u00e7\u00e3o de dados pessoais\u2026","og_url":"https:\/\/www.genverde.it\/pt\/informacoes-sobre-o-tratamento-dos-dados-pessoai-2\/","og_site_name":"Gen Verde","article_modified_time":"2023-01-17T07:48:56+00:00","og_image":[{"width":646,"height":237,"url":"https:\/\/www.genverde.it\/wp-content\/uploads\/2021\/06\/logo-gen-verde-semplice.png","type":"image\/png"}],"twitter_card":"summary_large_image","twitter_misc":{"Est. reading time":"10 minutes"},"schema":{"@context":"https:\/\/schema.org","@graph":[{"@type":"WebPage","@id":"https:\/\/www.genverde.it\/pt\/informacoes-sobre-o-tratamento-dos-dados-pessoai-2\/","url":"https:\/\/www.genverde.it\/pt\/informacoes-sobre-o-tratamento-dos-dados-pessoai-2\/","name":"INFORMA\u00c7\u00d5ES SOBRE O TRATAMENTO DOS DADOS PESSOAIS","isPartOf":{"@id":"https:\/\/www.genverde.it\/pt\/#website"},"datePublished":"2023-01-09T10:45:28+00:00","dateModified":"2023-01-17T07:48:56+00:00","breadcrumb":{"@id":"https:\/\/www.genverde.it\/pt\/informacoes-sobre-o-tratamento-dos-dados-pessoai-2\/#breadcrumb"},"inLanguage":"pt","potentialAction":[{"@type":"ReadAction","target":["https:\/\/www.genverde.it\/pt\/informacoes-sobre-o-tratamento-dos-dados-pessoai-2\/"]}]},{"@type":"BreadcrumbList","@id":"https:\/\/www.genverde.it\/pt\/informacoes-sobre-o-tratamento-dos-dados-pessoai-2\/#breadcrumb","itemListElement":[{"@type":"ListItem","position":1,"name":"Home","item":"https:\/\/www.genverde.it\/pt\/"},{"@type":"ListItem","position":2,"name":"INFORMA\u00c7\u00d5ES SOBRE O TRATAMENTO DOS DADOS PESSOAIS"}]},{"@type":"WebSite","@id":"https:\/\/www.genverde.it\/pt\/#website","url":"https:\/\/www.genverde.it\/pt\/","name":"Gen Verde","description":"","publisher":{"@id":"https:\/\/www.genverde.it\/pt\/#organization"},"potentialAction":[{"@type":"SearchAction","target":{"@type":"EntryPoint","urlTemplate":"https:\/\/www.genverde.it\/pt\/?s={search_term_string}"},"query-input":"required name=search_term_string"}],"inLanguage":"pt"},{"@type":"Organization","@id":"https:\/\/www.genverde.it\/pt\/#organization","name":"Gen Verde","url":"https:\/\/www.genverde.it\/pt\/","logo":{"@type":"ImageObject","inLanguage":"pt","@id":"https:\/\/www.genverde.it\/pt\/#\/schema\/logo\/image\/","url":"https:\/\/www.genverde.it\/wp-content\/uploads\/2021\/05\/logo-gen-verde-black.png","contentUrl":"https:\/\/www.genverde.it\/wp-content\/uploads\/2021\/05\/logo-gen-verde-black.png","width":646,"height":392,"caption":"Gen Verde"},"image":{"@id":"https:\/\/www.genverde.it\/pt\/#\/schema\/logo\/image\/"}}]}},"_links":{"self":[{"href":"https:\/\/www.genverde.it\/pt\/wp-json\/wp\/v2\/pages\/27293"}],"collection":[{"href":"https:\/\/www.genverde.it\/pt\/wp-json\/wp\/v2\/pages"}],"about":[{"href":"https:\/\/www.genverde.it\/pt\/wp-json\/wp\/v2\/types\/page"}],"author":[{"embeddable":true,"href":"https:\/\/www.genverde.it\/pt\/wp-json\/wp\/v2\/users\/5"}],"replies":[{"embeddable":true,"href":"https:\/\/www.genverde.it\/pt\/wp-json\/wp\/v2\/comments?post=27293"}],"version-history":[{"count":8,"href":"https:\/\/www.genverde.it\/pt\/wp-json\/wp\/v2\/pages\/27293\/revisions"}],"predecessor-version":[{"id":27385,"href":"https:\/\/www.genverde.it\/pt\/wp-json\/wp\/v2\/pages\/27293\/revisions\/27385"}],"wp:attachment":[{"href":"https:\/\/www.genverde.it\/pt\/wp-json\/wp\/v2\/media?parent=27293"}],"curies":[{"name":"wp","href":"https:\/\/api.w.org\/{rel}","templated":true}]}}